{"id":7,"date":"2025-11-08T03:53:29","date_gmt":"2025-11-08T03:53:29","guid":{"rendered":"https:\/\/sandybrown-loris-568228.hostingersite.com\/products\/"},"modified":"2025-11-08T03:53:29","modified_gmt":"2025-11-08T03:53:29","slug":"produits","status":"publish","type":"page","link":"https:\/\/sridrone.com\/fr\/products\/","title":{"rendered":"Produits"},"content":{"rendered":"<div data-elementor-type=\"wp-page\" data-elementor-id=\"7\" class=\"elementor elementor-7\" data-elementor-post-type=\"page\">\n\t\t\t\t<div data-particle_enable=\"false\" data-particle-mobile-disabled=\"false\" class=\"elementor-element elementor-element-8ce6fe8 e-flex e-con-boxed e-con e-parent\" data-id=\"8ce6fe8\" data-element_type=\"container\" data-e-type=\"container\">\n\t\t\t\t\t<div class=\"e-con-inner\">\n\t\t\t\t<div class=\"elementor-element elementor-element-bc678af hostinger-ai-title elementor-widget elementor-widget-heading\" data-id=\"bc678af\" data-element_type=\"widget\" data-e-type=\"widget\" data-widget_type=\"heading.default\">\n\t\t\t\t\t<h2 class=\"elementor-heading-title elementor-size-default\">Nos drones<\/h2>\t\t\t\t<\/div>\n\t\t\t\t<div class=\"elementor-element elementor-element-c93cf7e hostinger-ai-description elementor-widget elementor-widget-heading\" data-id=\"c93cf7e\" data-element_type=\"widget\" data-e-type=\"widget\" data-widget_type=\"heading.default\">\n\t\t\t\t\t<p class=\"elementor-heading-title elementor-size-default\">Un aper\u00e7u des puissants drones de lutte contre les incendies, de pulv\u00e9risation et de livraison de Skyrover.<\/p>\t\t\t\t<\/div>\n\t\t\t\t\t<\/div>\n\t\t\t\t<\/div>\n\t\t<div data-particle_enable=\"false\" data-particle-mobile-disabled=\"false\" class=\"elementor-element elementor-element-1e6c799 hostinger-ai-about-us-1 e-flex e-con-boxed e-con e-parent\" data-id=\"1e6c799\" data-element_type=\"container\" data-e-type=\"container\">\n\t\t\t\t\t<div class=\"e-con-inner\">\n\t\t<div data-particle_enable=\"false\" data-particle-mobile-disabled=\"false\" class=\"elementor-element elementor-element-06c9ee1 image-row e-con-full e-grid e-con e-child\" data-id=\"06c9ee1\" data-element_type=\"container\" data-e-type=\"container\">\n\t\t\t\t<div class=\"elementor-element elementor-element-13a03ec hostinger-ai-image elementor-widget elementor-widget-image\" data-id=\"13a03ec\" data-element_type=\"widget\" data-e-type=\"widget\" data-widget_type=\"image.default\">\n\t\t\t\t\t\t\t\t\t\t\t\t\t\t\t<img fetchpriority=\"high\" decoding=\"async\" width=\"600\" height=\"400\" src=\"https:\/\/sridrone.com\/wp-content\/uploads\/2026\/01\/3-1-fcc-d0069131.jpg\" class=\"attachment-full size-full wp-image-503\" alt=\"\" srcset=\"https:\/\/sridrone.com\/wp-content\/uploads\/2026\/01\/3-1-fcc-d0069131.jpg 600w, https:\/\/sridrone.com\/wp-content\/uploads\/2026\/01\/3-1-fcc-d0069131-300x200.jpg 300w, https:\/\/sridrone.com\/wp-content\/uploads\/2026\/01\/3-1-fcc-d0069131-18x12.jpg 18w\" sizes=\"(max-width: 600px) 100vw, 600px\" \/>\t\t\t\t\t\t\t\t\t\t\t\t\t\t\t<\/div>\n\t\t\t\t<div class=\"elementor-element elementor-element-717f166 hostinger-ai-image hostinger-index-1 elementor-widget elementor-widget-image\" data-id=\"717f166\" data-element_type=\"widget\" data-e-type=\"widget\" data-widget_type=\"image.default\">\n\t\t\t\t\t\t\t\t\t\t\t\t\t\t\t<img decoding=\"async\" width=\"600\" height=\"400\" src=\"https:\/\/sridrone.com\/wp-content\/uploads\/2026\/01\/4-2-screen-drone-engineer-pointing-complex-diagram-illustrates-components-56de218b.jpg\" class=\"attachment-full size-full wp-image-504\" alt=\"\" srcset=\"https:\/\/sridrone.com\/wp-content\/uploads\/2026\/01\/4-2-screen-drone-engineer-pointing-complex-diagram-illustrates-components-56de218b.jpg 600w, https:\/\/sridrone.com\/wp-content\/uploads\/2026\/01\/4-2-screen-drone-engineer-pointing-complex-diagram-illustrates-components-56de218b-300x200.jpg 300w, https:\/\/sridrone.com\/wp-content\/uploads\/2026\/01\/4-2-screen-drone-engineer-pointing-complex-diagram-illustrates-components-56de218b-18x12.jpg 18w\" sizes=\"(max-width: 600px) 100vw, 600px\" \/>\t\t\t\t\t\t\t\t\t\t\t\t\t\t\t<\/div>\n\t\t\t\t<\/div>\n\t\t<div data-particle_enable=\"false\" data-particle-mobile-disabled=\"false\" class=\"elementor-element elementor-element-145730b image-row e-con-full e-grid e-con e-child\" data-id=\"145730b\" data-element_type=\"container\" data-e-type=\"container\">\n\t\t\t\t<div class=\"elementor-element elementor-element-4a91f72 hostinger-ai-image hostinger-index-2 elementor-widget elementor-widget-image\" data-id=\"4a91f72\" data-element_type=\"widget\" data-e-type=\"widget\" data-widget_type=\"image.default\">\n\t\t\t\t\t\t\t\t\t\t\t\t\t\t\t<img decoding=\"async\" width=\"600\" height=\"400\" src=\"https:\/\/sridrone.com\/wp-content\/uploads\/2026\/01\/4-2-screen-drone-engineer-pointing-complex-diagram-illustrates-components-56de218b.jpg\" class=\"attachment-full size-full wp-image-504\" alt=\"\" srcset=\"https:\/\/sridrone.com\/wp-content\/uploads\/2026\/01\/4-2-screen-drone-engineer-pointing-complex-diagram-illustrates-components-56de218b.jpg 600w, https:\/\/sridrone.com\/wp-content\/uploads\/2026\/01\/4-2-screen-drone-engineer-pointing-complex-diagram-illustrates-components-56de218b-300x200.jpg 300w, https:\/\/sridrone.com\/wp-content\/uploads\/2026\/01\/4-2-screen-drone-engineer-pointing-complex-diagram-illustrates-components-56de218b-18x12.jpg 18w\" sizes=\"(max-width: 600px) 100vw, 600px\" \/>\t\t\t\t\t\t\t\t\t\t\t\t\t\t\t<\/div>\n\t\t\t\t<div class=\"elementor-element elementor-element-bb9a1fc hostinger-ai-image hostinger-index-3 elementor-widget elementor-widget-image\" data-id=\"bb9a1fc\" data-element_type=\"widget\" data-e-type=\"widget\" data-widget_type=\"image.default\">\n\t\t\t\t\t\t\t\t\t\t\t\t\t\t\t<img fetchpriority=\"high\" decoding=\"async\" width=\"600\" height=\"400\" src=\"https:\/\/sridrone.com\/wp-content\/uploads\/2026\/01\/3-1-fcc-d0069131.jpg\" class=\"attachment-full size-full wp-image-503\" alt=\"\" srcset=\"https:\/\/sridrone.com\/wp-content\/uploads\/2026\/01\/3-1-fcc-d0069131.jpg 600w, https:\/\/sridrone.com\/wp-content\/uploads\/2026\/01\/3-1-fcc-d0069131-300x200.jpg 300w, https:\/\/sridrone.com\/wp-content\/uploads\/2026\/01\/3-1-fcc-d0069131-18x12.jpg 18w\" sizes=\"(max-width: 600px) 100vw, 600px\" \/>\t\t\t\t\t\t\t\t\t\t\t\t\t\t\t<\/div>\n\t\t\t\t<\/div>\n\t\t\t\t\t<\/div>\n\t\t\t\t<\/div>\n\t\t<div data-particle_enable=\"false\" data-particle-mobile-disabled=\"false\" class=\"elementor-element elementor-element-ba864a0 e-flex e-con-boxed e-con e-parent\" data-id=\"ba864a0\" data-element_type=\"container\" data-e-type=\"container\">\n\t\t\t\t\t<div class=\"e-con-inner\">\n\t\t<div data-particle_enable=\"false\" data-particle-mobile-disabled=\"false\" class=\"elementor-element elementor-element-d265e54 e-con-full e-flex e-con e-child\" data-id=\"d265e54\" data-element_type=\"container\" data-e-type=\"container\">\n\t\t\t\t<div class=\"elementor-element elementor-element-1e0002e is-style-default hostinger-ai-title elementor-widget elementor-widget-heading\" data-id=\"1e0002e\" data-element_type=\"widget\" data-e-type=\"widget\" data-widget_type=\"heading.default\">\n\t\t\t\t\t<h2 class=\"elementor-heading-title elementor-size-default\">Drone pompier<\/h2>\t\t\t\t<\/div>\n\t\t\t\t<\/div>\n\t\t<div data-particle_enable=\"false\" data-particle-mobile-disabled=\"false\" class=\"elementor-element elementor-element-0d4a178 e-con-full e-grid e-con e-child\" data-id=\"0d4a178\" data-element_type=\"container\" data-e-type=\"container\">\n\t\t<div data-particle_enable=\"false\" data-particle-mobile-disabled=\"false\" class=\"elementor-element elementor-element-cacba3b e-flex e-con-boxed e-con e-child\" data-id=\"cacba3b\" data-element_type=\"container\" data-e-type=\"container\">\n\t\t\t\t\t<div class=\"e-con-inner\">\n\t\t\t\t<div class=\"elementor-element elementor-element-cbcd7a1 hostinger-ai-project-image hostinger-index-10 elementor-widget elementor-widget-image\" data-id=\"cbcd7a1\" data-element_type=\"widget\" data-e-type=\"widget\" data-widget_type=\"image.default\">\n\t\t\t\t\t\t\t\t\t\t\t\t\t\t\t<img decoding=\"async\" src=\"https:\/\/images.unsplash.com\/photo-1555584775-63bdcbc422ff?q=85&#038;w=410&#038;h=335&#038;fit=crop\" title=\"\" alt=\"Un petit drone \u00e9quip\u00e9 de protections pour h\u00e9lices vole en stationnaire devant un fond verdoyant et feuillu. Le drone est dot\u00e9 de quatre rotors et semble \u00eatre en mouvement, ses h\u00e9lices floues indiquant qu&#039;il est en vol.\" loading=\"lazy\" \/>\t\t\t\t\t\t\t\t\t\t\t\t\t\t\t<\/div>\n\t\t\t\t<div class=\"elementor-element elementor-element-3d9ea27 hostinger-ai-project-title hostinger-ai-font-bold elementor-widget elementor-widget-heading\" data-id=\"3d9ea27\" data-element_type=\"widget\" data-e-type=\"widget\" data-widget_type=\"heading.default\">\n\t\t\t\t\t<p class=\"elementor-heading-title elementor-size-default\">Pulv\u00e9risateur agricole<\/p>\t\t\t\t<\/div>\n\t\t\t\t<div class=\"elementor-element elementor-element-cdef307 hostinger-ai-project-description elementor-widget elementor-widget-text-editor\" data-id=\"cdef307\" data-element_type=\"widget\" data-e-type=\"widget\" data-widget_type=\"text-editor.default\">\n\t\t\t\t\t\t\t\t\tNotre drone agricole couvre les champs avec pr\u00e9cision, stimulant les cultures tout en \u00e9conomisant l'eau et le temps.\t\t\t\t\t\t\t\t<\/div>\n\t\t\t\t\t<\/div>\n\t\t\t\t<\/div>\n\t\t<div data-particle_enable=\"false\" data-particle-mobile-disabled=\"false\" class=\"elementor-element elementor-element-64afe52 e-con-full e-flex e-con e-child\" data-id=\"64afe52\" data-element_type=\"container\" data-e-type=\"container\">\n\t\t\t\t<div class=\"elementor-element elementor-element-f3c4d8b hostinger-ai-project-image hostinger-index-11 elementor-widget elementor-widget-image\" data-id=\"f3c4d8b\" data-element_type=\"widget\" data-e-type=\"widget\" data-widget_type=\"image.default\">\n\t\t\t\t\t\t\t\t\t\t\t\t\t\t\t<img decoding=\"async\" src=\"https:\/\/images.unsplash.com\/photo-1504492201439-8844f3615eb9?q=85&#038;w=625&#038;h=335&#038;fit=crop\" title=\"\" alt=\"Un drone quadricopt\u00e8re blanc \u00e0 quatre rotors repose sur une surface en b\u00e9ton. Il est accompagn\u00e9 d&#039;une t\u00e9l\u00e9commande blanche \u00e9quip\u00e9e de deux manettes et d&#039;un smartphone fix\u00e9 sur le dessus.\" loading=\"lazy\" \/>\t\t\t\t\t\t\t\t\t\t\t\t\t\t\t<\/div>\n\t\t\t\t<div class=\"elementor-element elementor-element-96787e0 hostinger-ai-project-title hostinger-ai-font-bold hostinger-index-1 elementor-widget elementor-widget-heading\" data-id=\"96787e0\" data-element_type=\"widget\" data-e-type=\"widget\" data-widget_type=\"heading.default\">\n\t\t\t\t\t<p class=\"elementor-heading-title elementor-size-default\">Drone cargo<\/p>\t\t\t\t<\/div>\n\t\t\t\t<div class=\"elementor-element elementor-element-9e0fd9f hostinger-ai-project-description hostinger-index-1 elementor-widget elementor-widget-text-editor\" data-id=\"9e0fd9f\" data-element_type=\"widget\" data-e-type=\"widget\" data-widget_type=\"text-editor.default\">\n\t\t\t\t\t\t\t\t\tCe drone livre rapidement des produits de premi\u00e8re n\u00e9cessit\u00e9 sur des terrains accident\u00e9s, reliant ainsi facilement des endroits recul\u00e9s.\t\t\t\t\t\t\t\t<\/div>\n\t\t\t\t<\/div>\n\t\t\t\t<\/div>\n\t\t<div data-particle_enable=\"false\" data-particle-mobile-disabled=\"false\" class=\"elementor-element elementor-element-42e1e14 e-con-full e-grid e-con e-child\" data-id=\"42e1e14\" data-element_type=\"container\" data-e-type=\"container\">\n\t\t<div data-particle_enable=\"false\" data-particle-mobile-disabled=\"false\" class=\"elementor-element elementor-element-f5dbc72 e-con-full e-flex e-con e-child\" data-id=\"f5dbc72\" data-element_type=\"container\" data-e-type=\"container\">\n\t\t\t\t<div class=\"elementor-element elementor-element-0273ea7 hostinger-ai-project-image hostinger-index-12 elementor-widget elementor-widget-image\" data-id=\"0273ea7\" data-element_type=\"widget\" data-e-type=\"widget\" data-widget_type=\"image.default\">\n\t\t\t\t\t\t\t\t\t\t\t\t\t\t\t<img decoding=\"async\" src=\"https:\/\/images.unsplash.com\/photo-1694575254789-c3c29d254c86?q=85&#038;w=625&#038;h=335&#038;fit=crop\" title=\"\" alt=\"Un drone vole \u00e0 l&#039;int\u00e9rieur pr\u00e8s d&#039;un grand pont roulant jaune portant une inscription visible indiquant 32 t. La structure du plafond comprend des poutres m\u00e9talliques et un \u00e9clairage industriel.\" loading=\"lazy\" \/>\t\t\t\t\t\t\t\t\t\t\t\t\t\t\t<\/div>\n\t\t\t\t<div class=\"elementor-element elementor-element-92fe8ec hostinger-ai-project-title hostinger-index-2 hostinger-ai-font-bold elementor-widget elementor-widget-heading\" data-id=\"92fe8ec\" data-element_type=\"widget\" data-e-type=\"widget\" data-widget_type=\"heading.default\">\n\t\t\t\t\t<p class=\"elementor-heading-title elementor-size-default\">Constructions sur mesure<\/p>\t\t\t\t<\/div>\n\t\t\t\t<div class=\"elementor-element elementor-element-db67b09 hostinger-ai-project-description hostinger-index-2 elementor-widget elementor-widget-text-editor\" data-id=\"db67b09\" data-element_type=\"widget\" data-e-type=\"widget\" data-widget_type=\"text-editor.default\">\n\t\t\t\t\t\t\t\t\tDes drones sur mesure qui r\u00e9pondent \u00e0 des besoins industriels sp\u00e9cifiques, con\u00e7us pour \u00eatre fiables et efficaces.\t\t\t\t\t\t\t\t<\/div>\n\t\t\t\t<\/div>\n\t\t<div data-particle_enable=\"false\" data-particle-mobile-disabled=\"false\" class=\"elementor-element elementor-element-f3b2417 e-con-full e-flex e-con e-child\" data-id=\"f3b2417\" data-element_type=\"container\" data-e-type=\"container\">\n\t\t\t\t<div class=\"elementor-element elementor-element-9fdbc76 hostinger-ai-project-image hostinger-index-13 elementor-widget elementor-widget-image\" data-id=\"9fdbc76\" data-element_type=\"widget\" data-e-type=\"widget\" data-widget_type=\"image.default\">\n\t\t\t\t\t\t\t\t\t\t\t\t\t\t\t<img decoding=\"async\" src=\"https:\/\/images.unsplash.com\/photo-1645696364551-64d774da5e09?q=85&#038;w=410&#038;h=335&#038;fit=crop\" title=\"\" alt=\"Un drone quadricopt\u00e8re noir \u00e9quip\u00e9 de quatre h\u00e9lices est pos\u00e9 sur du papier blanc froiss\u00e9. Le drone est \u00e9quip\u00e9 d&#039;une cam\u00e9ra \u00e0 l&#039;avant et ses h\u00e9lices sont rehauss\u00e9es de touches rouges et argent\u00e9es. L&#039;arri\u00e8re-plan est d&#039;un blanc doux, cr\u00e9ant un d\u00e9cor \u00e9pur\u00e9 et minimaliste.\" loading=\"lazy\" \/>\t\t\t\t\t\t\t\t\t\t\t\t\t\t\t<\/div>\n\t\t\t\t<div class=\"elementor-element elementor-element-b6c733b hostinger-ai-project-title hostinger-index-1 hostinger-ai-font-bold hostinger-index-3 elementor-widget elementor-widget-heading\" data-id=\"b6c733b\" data-element_type=\"widget\" data-e-type=\"widget\" data-widget_type=\"heading.default\">\n\t\t\t\t\t<p class=\"elementor-heading-title elementor-size-default\">Drone cargo<\/p>\t\t\t\t<\/div>\n\t\t\t\t<div class=\"elementor-element elementor-element-8dc3794 hostinger-ai-project-description hostinger-index-3 elementor-widget elementor-widget-text-editor\" data-id=\"8dc3794\" data-element_type=\"widget\" data-e-type=\"widget\" data-widget_type=\"text-editor.default\">\n\t\t\t\t\t\t\t\t\tNotre \u00e9quipe d\u00e9di\u00e9e veille au bon fonctionnement de chaque drone gr\u00e2ce \u00e0 une assistance et une maintenance continues.\t\t\t\t\t\t\t\t<\/div>\n\t\t\t\t<\/div>\n\t\t\t\t<\/div>\n\t\t\t\t\t<\/div>\n\t\t\t\t<\/div>\n\t\t<div data-particle_enable=\"false\" data-particle-mobile-disabled=\"false\" class=\"elementor-element elementor-element-36b762c e-flex e-con-boxed e-con e-parent\" data-id=\"36b762c\" data-element_type=\"container\" data-e-type=\"container\" id=\"hostinger-ai-customer-reviews-2 hostinger-ai-fade-up\" data-settings=\"{&quot;background_background&quot;:&quot;classic&quot;}\">\n\t\t\t\t\t<div class=\"e-con-inner\">\n\t\t<div data-particle_enable=\"false\" data-particle-mobile-disabled=\"false\" class=\"elementor-element elementor-element-384b9be e-grid e-con-full e-con e-child\" data-id=\"384b9be\" data-element_type=\"container\" data-e-type=\"container\">\n\t\t<div data-particle_enable=\"false\" data-particle-mobile-disabled=\"false\" class=\"elementor-element elementor-element-27f457a e-con-full e-flex e-con e-child\" data-id=\"27f457a\" data-element_type=\"container\" data-e-type=\"container\">\n\t\t\t\t<div class=\"elementor-element elementor-element-96fd1f1 hostinger-ai-testimonial-image hostinger-index-2 elementor-widget elementor-widget-image\" data-id=\"96fd1f1\" data-element_type=\"widget\" data-e-type=\"widget\" data-widget_type=\"image.default\">\n\t\t\t\t\t\t\t\t\t\t\t\t\t\t\t<img decoding=\"async\" width=\"600\" height=\"400\" src=\"https:\/\/sridrone.com\/wp-content\/uploads\/2026\/01\/3-2-detailed-tools-drone-set-precision-macro-photograph-specialized-laid-o-d10b8762.jpg\" class=\"attachment-full size-full wp-image-715\" alt=\"\" srcset=\"https:\/\/sridrone.com\/wp-content\/uploads\/2026\/01\/3-2-detailed-tools-drone-set-precision-macro-photograph-specialized-laid-o-d10b8762.jpg 600w, https:\/\/sridrone.com\/wp-content\/uploads\/2026\/01\/3-2-detailed-tools-drone-set-precision-macro-photograph-specialized-laid-o-d10b8762-300x200.jpg 300w, https:\/\/sridrone.com\/wp-content\/uploads\/2026\/01\/3-2-detailed-tools-drone-set-precision-macro-photograph-specialized-laid-o-d10b8762-18x12.jpg 18w\" sizes=\"(max-width: 600px) 100vw, 600px\" \/>\t\t\t\t\t\t\t\t\t\t\t\t\t\t\t<\/div>\n\t\t\t\t<\/div>\n\t\t<div data-particle_enable=\"false\" data-particle-mobile-disabled=\"false\" class=\"elementor-element elementor-element-c47ee61 e-con-full e-flex e-con e-child\" data-id=\"c47ee61\" data-element_type=\"container\" data-e-type=\"container\">\n\t\t<div data-particle_enable=\"false\" data-particle-mobile-disabled=\"false\" class=\"elementor-element elementor-element-839cc74 e-con-full e-flex e-con e-child\" data-id=\"839cc74\" data-element_type=\"container\" data-e-type=\"container\">\n\t\t\t\t<div class=\"elementor-element elementor-element-706a5dd hostinger-ai-subtitle elementor-widget elementor-widget-text-editor\" data-id=\"706a5dd\" data-element_type=\"widget\" data-e-type=\"widget\" data-widget_type=\"text-editor.default\">\n\t\t\t\t\t\t\t\t\tPartenaire de confiance\t\t\t\t\t\t\t\t<\/div>\n\t\t\t\t<div class=\"elementor-element elementor-element-b45648b hostinger-ai-testimonial-text hostinger-ai-font-bold hostinger-index-2 elementor-widget elementor-widget-text-editor\" data-id=\"b45648b\" data-element_type=\"widget\" data-e-type=\"widget\" data-widget_type=\"text-editor.default\">\n\t\t\t\t\t\t\t\t\tLe drone anti-incendie de Skyrover nous a aid\u00e9s \u00e0 ma\u00eetriser les feux de for\u00eat plus rapidement et en toute s\u00e9curit\u00e9.\t\t\t\t\t\t\t\t<\/div>\n\t\t\t\t<\/div>\n\t\t\t\t<\/div>\n\t\t\t\t<\/div>\n\t\t\t\t\t<\/div>\n\t\t\t\t<\/div>\n\t\t\t\t<\/div>","protected":false},"excerpt":{"rendered":"","protected":false},"author":1,"featured_media":0,"parent":0,"menu_order":0,"comment_status":"closed","ping_status":"closed","template":"","meta":{"_angie_page":false,"footnotes":""},"class_list":["post-7","page","type-page","status-publish","hentry"],"yoast_head":"<!-- This site is optimized with the Yoast SEO Premium plugin v27.0 (Yoast SEO v27.3) - https:\/\/yoast.com\/product\/yoast-seo-premium-wordpress\/ -->\n<title>Products - SkyRover Industrial Drones<\/title>\n<meta name=\"robots\" content=\"index, follow, max-snippet:-1, max-image-preview:large, max-video-preview:-1\" \/>\n<link rel=\"canonical\" href=\"https:\/\/sridrone.com\/fr\/produits\/\" \/>\n<meta property=\"og:locale\" content=\"fr_FR\" \/>\n<meta property=\"og:type\" content=\"article\" \/>\n<meta property=\"og:title\" content=\"Products\" \/>\n<meta property=\"og:url\" content=\"https:\/\/sridrone.com\/fr\/produits\/\" \/>\n<meta property=\"og:site_name\" content=\"SkyRover Industrial Drones\" \/>\n<meta name=\"twitter:card\" content=\"summary_large_image\" \/>\n<!-- \/ Yoast SEO Premium plugin. -->","yoast_head_json":{"title":"Produits - Drones industriels SkyRover","robots":{"index":"index","follow":"follow","max-snippet":"max-snippet:-1","max-image-preview":"max-image-preview:large","max-video-preview":"max-video-preview:-1"},"canonical":"https:\/\/sridrone.com\/fr\/produits\/","og_locale":"fr_FR","og_type":"article","og_title":"Products","og_url":"https:\/\/sridrone.com\/fr\/produits\/","og_site_name":"SkyRover Industrial Drones","twitter_card":"summary_large_image","schema":{"@context":"https:\/\/schema.org","@graph":[{"@type":"WebPage","@id":"https:\/\/sridrone.com\/products\/","url":"https:\/\/sridrone.com\/products\/","name":"Produits - Drones industriels SkyRover","isPartOf":{"@id":"https:\/\/sridrone.com\/ru\/#website"},"datePublished":"2025-11-08T03:53:29+00:00","breadcrumb":{"@id":"https:\/\/sridrone.com\/products\/#breadcrumb"},"inLanguage":"fr-FR","potentialAction":[{"@type":"ReadAction","target":["https:\/\/sridrone.com\/products\/"]}]},{"@type":"BreadcrumbList","@id":"https:\/\/sridrone.com\/products\/#breadcrumb","itemListElement":[{"@type":"ListItem","position":1,"name":"\u9996\u9875","item":"https:\/\/sridrone.com\/"},{"@type":"ListItem","position":2,"name":"Products"}]},{"@type":"WebSite","@id":"https:\/\/sridrone.com\/ru\/#website","url":"https:\/\/sridrone.com\/ru\/","name":"SkyRover Industrial Drone","description":"Un fabricant professionnel de drones de lutte contre les incendies, de drones agricoles et de drones de livraison de marchandises.","publisher":{"@id":"https:\/\/sridrone.com\/ru\/#organization"},"potentialAction":[{"@type":"SearchAction","target":{"@type":"EntryPoint","urlTemplate":"https:\/\/sridrone.com\/ru\/?s={search_term_string}"},"query-input":{"@type":"PropertyValueSpecification","valueRequired":true,"valueName":"search_term_string"}}],"inLanguage":"fr-FR"},{"@type":"Organization","@id":"https:\/\/sridrone.com\/ru\/#organization","name":"SkyRover Industrial Drone","url":"https:\/\/sridrone.com\/ru\/","logo":{"@type":"ImageObject","inLanguage":"fr-FR","@id":"https:\/\/sridrone.com\/ru\/#\/schema\/logo\/image\/","url":"https:\/\/sridrone.com\/wp-content\/uploads\/2026\/01\/400x400skyroverlogo.png","contentUrl":"https:\/\/sridrone.com\/wp-content\/uploads\/2026\/01\/400x400skyroverlogo.png","width":400,"height":400,"caption":"SkyRover Industrial Drone"},"image":{"@id":"https:\/\/sridrone.com\/ru\/#\/schema\/logo\/image\/"}}]}},"_links":{"self":[{"href":"https:\/\/sridrone.com\/fr\/wp-json\/wp\/v2\/pages\/7","targetHints":{"allow":["GET"]}}],"collection":[{"href":"https:\/\/sridrone.com\/fr\/wp-json\/wp\/v2\/pages"}],"about":[{"href":"https:\/\/sridrone.com\/fr\/wp-json\/wp\/v2\/types\/page"}],"author":[{"embeddable":true,"href":"https:\/\/sridrone.com\/fr\/wp-json\/wp\/v2\/users\/1"}],"replies":[{"embeddable":true,"href":"https:\/\/sridrone.com\/fr\/wp-json\/wp\/v2\/comments?post=7"}],"version-history":[{"count":0,"href":"https:\/\/sridrone.com\/fr\/wp-json\/wp\/v2\/pages\/7\/revisions"}],"wp:attachment":[{"href":"https:\/\/sridrone.com\/fr\/wp-json\/wp\/v2\/media?parent=7"}],"curies":[{"name":"wp","href":"https:\/\/api.w.org\/{rel}","templated":true}]}}