{"id":8,"date":"2025-11-08T03:53:31","date_gmt":"2025-11-08T03:53:31","guid":{"rendered":"https:\/\/sandybrown-loris-568228.hostingersite.com\/about\/"},"modified":"2025-11-08T03:53:31","modified_gmt":"2025-11-08T03:53:31","slug":"acerca-de","status":"publish","type":"page","link":"https:\/\/sridrone.com\/es\/about\/","title":{"rendered":"Acerca de"},"content":{"rendered":"<div data-elementor-type=\"wp-page\" data-elementor-id=\"8\" class=\"elementor elementor-8\" data-elementor-post-type=\"page\">\n\t\t\t\t<div data-particle_enable=\"false\" data-particle-mobile-disabled=\"false\" class=\"elementor-element elementor-element-597439c e-grid hostinger-ai-about-us-1 e-con-boxed e-con e-parent\" data-id=\"597439c\" data-element_type=\"container\" data-e-type=\"container\">\n\t\t\t\t\t<div class=\"e-con-inner\">\n\t\t<div data-particle_enable=\"false\" data-particle-mobile-disabled=\"false\" class=\"elementor-element elementor-element-4467dfa e-con-full e-flex e-con e-child\" data-id=\"4467dfa\" data-element_type=\"container\" data-e-type=\"container\">\n\t\t\t\t<div class=\"elementor-element elementor-element-8f2a5d3 hostinger-ai-title elementor-widget elementor-widget-heading\" data-id=\"8f2a5d3\" data-element_type=\"widget\" data-e-type=\"widget\" data-widget_type=\"heading.default\">\n\t\t\t\t\t<h2 class=\"elementor-heading-title elementor-size-default\">Acerca de Skyrover<\/h2>\t\t\t\t<\/div>\n\t\t\t\t<\/div>\n\t\t<div data-particle_enable=\"false\" data-particle-mobile-disabled=\"false\" class=\"elementor-element elementor-element-c11dee4 e-con-full e-flex e-con e-child\" data-id=\"c11dee4\" data-element_type=\"container\" data-e-type=\"container\">\n\t\t\t\t<div class=\"elementor-element elementor-element-adf043f hostinger-ai-description elementor-widget elementor-widget-heading\" data-id=\"adf043f\" data-element_type=\"widget\" data-e-type=\"widget\" data-widget_type=\"heading.default\">\n\t\t\t\t\t<p class=\"elementor-heading-title elementor-size-default\">En Skyrover, construimos drones resistentes que combaten incendios, fumigan cultivos y transportan mercanc\u00edas con precisi\u00f3n.<\/p>\t\t\t\t<\/div>\n\t\t\t\t<div class=\"elementor-element elementor-element-b157ef3 hostinger-ai-cta-button hostinger-index-0 elementor-widget elementor-widget-button\" data-id=\"b157ef3\" data-element_type=\"widget\" data-e-type=\"widget\" data-widget_type=\"button.default\">\n\t\t\t\t\t\t\t\t\t\t<a class=\"elementor-button elementor-button-link elementor-size-sm\" href=\"https:\/\/sandybrown-loris-568228.hostingersite.com\/home\/\">\n\t\t\t\t\t\t<span class=\"elementor-button-content-wrapper\">\n\t\t\t\t\t\t\t\t\t<span class=\"elementor-button-text\">M\u00e1s informaci\u00f3n<\/span>\n\t\t\t\t\t<\/span>\n\t\t\t\t\t<\/a>\n\t\t\t\t\t\t\t\t<\/div>\n\t\t\t\t<\/div>\n\t\t\t\t\t<\/div>\n\t\t\t\t<\/div>\n\t\t<div data-particle_enable=\"false\" data-particle-mobile-disabled=\"false\" class=\"elementor-element elementor-element-601be53 image-row e-flex e-con-boxed e-con e-parent\" data-id=\"601be53\" data-element_type=\"container\" data-e-type=\"container\">\n\t\t\t\t\t<div class=\"e-con-inner\">\n\t\t\t\t<div class=\"elementor-element elementor-element-57f0e99 hostinger-ai-image hostinger-index-6 elementor-widget elementor-widget-image\" data-id=\"57f0e99\" data-element_type=\"widget\" data-e-type=\"widget\" data-widget_type=\"image.default\">\n\t\t\t\t\t\t\t\t\t\t\t\t\t\t\t<img fetchpriority=\"high\" decoding=\"async\" width=\"600\" height=\"400\" src=\"https:\/\/sridrone.com\/wp-content\/uploads\/2026\/01\/1-1-industrial-factory-photorealistic-modern-clean-drone-manufacturing-fac-2127ec4f.jpg\" class=\"attachment-full size-full wp-image-487\" alt=\"\" srcset=\"https:\/\/sridrone.com\/wp-content\/uploads\/2026\/01\/1-1-industrial-factory-photorealistic-modern-clean-drone-manufacturing-fac-2127ec4f.jpg 600w, https:\/\/sridrone.com\/wp-content\/uploads\/2026\/01\/1-1-industrial-factory-photorealistic-modern-clean-drone-manufacturing-fac-2127ec4f-300x200.jpg 300w, https:\/\/sridrone.com\/wp-content\/uploads\/2026\/01\/1-1-industrial-factory-photorealistic-modern-clean-drone-manufacturing-fac-2127ec4f-18x12.jpg 18w\" sizes=\"(max-width: 600px) 100vw, 600px\" \/>\t\t\t\t\t\t\t\t\t\t\t\t\t\t\t<\/div>\n\t\t\t\t<div class=\"elementor-element elementor-element-b8ff7d4 hostinger-ai-image hostinger-index-7 elementor-widget elementor-widget-image\" data-id=\"b8ff7d4\" data-element_type=\"widget\" data-e-type=\"widget\" data-widget_type=\"image.default\">\n\t\t\t\t\t\t\t\t\t\t\t\t\t\t\t<img decoding=\"async\" src=\"https:\/\/images.unsplash.com\/photo-1598273267001-933b753b6d62?q=85&#038;w=750&#038;h=300&#038;fit=crop\" title=\"\" alt=\"Un dron elegante y moderno descansa sobre una superficie de concreto, equipado con un armaz\u00f3n robusto y cuatro h\u00e9lices. Parece estar dise\u00f1ado para ofrecer estabilidad y eficiencia, con caracter\u00edsticas aerodin\u00e1micas y una estructura resistente. El color del dron se integra perfectamente con su entorno industrial.\" loading=\"lazy\" \/>\t\t\t\t\t\t\t\t\t\t\t\t\t\t\t<\/div>\n\t\t\t\t\t<\/div>\n\t\t\t\t<\/div>\n\t\t<div data-particle_enable=\"false\" data-particle-mobile-disabled=\"false\" class=\"elementor-element elementor-element-83589cf e-grid hostinger-ai-resume-2 e-con-boxed e-con e-parent\" data-id=\"83589cf\" data-element_type=\"container\" data-e-type=\"container\">\n\t\t\t\t\t<div class=\"e-con-inner\">\n\t\t<div data-particle_enable=\"false\" data-particle-mobile-disabled=\"false\" class=\"elementor-element elementor-element-741c4c2 e-con-full e-grid e-con e-child\" data-id=\"741c4c2\" data-element_type=\"container\" data-e-type=\"container\">\n\t\t\t\t<div class=\"elementor-element elementor-element-58509ed hostinger-ai-title elementor-widget elementor-widget-heading\" data-id=\"58509ed\" data-element_type=\"widget\" data-e-type=\"widget\" data-widget_type=\"heading.default\">\n\t\t\t\t\t<h2 class=\"elementor-heading-title elementor-size-default\">Nuestra historia<\/h2>\t\t\t\t<\/div>\n\t\t\t\t<div class=\"elementor-element elementor-element-e8e9bb6 hostinger-ai-title hostinger-index-1 elementor-widget elementor-widget-heading\" data-id=\"e8e9bb6\" data-element_type=\"widget\" data-e-type=\"widget\" data-widget_type=\"heading.default\">\n\t\t\t\t\t<h2 class=\"elementor-heading-title elementor-size-default\">Nuestras ra\u00edces<\/h2>\t\t\t\t<\/div>\n\t\t\t\t<\/div>\n\t\t<div data-particle_enable=\"false\" data-particle-mobile-disabled=\"false\" class=\"elementor-element elementor-element-9ad70ad e-con-full e-flex e-con e-child\" data-id=\"9ad70ad\" data-element_type=\"container\" data-e-type=\"container\">\n\t\t<div data-particle_enable=\"false\" data-particle-mobile-disabled=\"false\" class=\"elementor-element elementor-element-75594f1 e-con-full e-flex e-con e-child\" data-id=\"75594f1\" data-element_type=\"container\" data-e-type=\"container\">\n\t\t\t\t<div class=\"elementor-element elementor-element-6186e7b hostinger-ai-description elementor-widget elementor-widget-text-editor\" data-id=\"6186e7b\" data-element_type=\"widget\" data-e-type=\"widget\" data-widget_type=\"text-editor.default\">\n\t\t\t\t\t\t\t\t\tSkyrover comenz\u00f3 con una idea sencilla: construir drones que resolvieran problemas del mundo real, desde la extinci\u00f3n de incendios hasta la agricultura y la entrega de mercanc\u00edas.\t\t\t\t\t\t\t\t<\/div>\n\t\t\t\t<div class=\"elementor-element elementor-element-6f1afce hostinger-ai-description hostinger-index-1 elementor-widget elementor-widget-heading\" data-id=\"6f1afce\" data-element_type=\"widget\" data-e-type=\"widget\" data-widget_type=\"heading.default\">\n\t\t\t\t\t<p class=\"elementor-heading-title elementor-size-default\">Combinamos la precisi\u00f3n de la ingenier\u00eda con las necesidades pr\u00e1cticas.<\/p>\t\t\t\t<\/div>\n\t\t\t\t<\/div>\n\t\t<div data-particle_enable=\"false\" data-particle-mobile-disabled=\"false\" class=\"elementor-element elementor-element-110ed61 e-con-full e-flex e-con e-child\" data-id=\"110ed61\" data-element_type=\"container\" data-e-type=\"container\">\n\t\t\t\t<div class=\"elementor-element elementor-element-2e0e067 hostinger-ai-subtitle hostinger-index-1 elementor-widget elementor-widget-heading\" data-id=\"2e0e067\" data-element_type=\"widget\" data-e-type=\"widget\" data-widget_type=\"heading.default\">\n\t\t\t\t\t<p class=\"elementor-heading-title elementor-size-default\">Inicio de la carrera profesional<\/p>\t\t\t\t<\/div>\n\t\t\t\t<div class=\"elementor-element elementor-element-b797497 hostinger-ai-workplace hostinger-index-1 elementor-widget elementor-widget-heading\" data-id=\"b797497\" data-element_type=\"widget\" data-e-type=\"widget\" data-widget_type=\"heading.default\">\n\t\t\t\t\t<p class=\"elementor-heading-title elementor-size-default\">Laboratorios tecnol\u00f3gicos<\/p>\t\t\t\t<\/div>\n\t\t\t\t<div class=\"elementor-element elementor-element-3c84c48 hostinger-ai-date hostinger-index-1 elementor-widget elementor-widget-heading\" data-id=\"3c84c48\" data-element_type=\"widget\" data-e-type=\"widget\" data-widget_type=\"heading.default\">\n\t\t\t\t\t<p class=\"elementor-heading-title elementor-size-default\">2010 - 2015<\/p>\t\t\t\t<\/div>\n\t\t\t\t<div class=\"elementor-element elementor-element-85bb455 hostinger-ai-description hostinger-index-1 elementor-widget elementor-widget-heading\" data-id=\"85bb455\" data-element_type=\"widget\" data-e-type=\"widget\" data-widget_type=\"heading.default\">\n\t\t\t\t\t<p class=\"elementor-heading-title elementor-size-default\">Combinamos la precisi\u00f3n de la ingenier\u00eda con las necesidades pr\u00e1cticas.<\/p>\t\t\t\t<\/div>\n\t\t\t\t<div class=\"elementor-element elementor-element-d3baf18 hostinger-ai-subtitle hostinger-index-2 elementor-widget elementor-widget-heading\" data-id=\"d3baf18\" data-element_type=\"widget\" data-e-type=\"widget\" data-widget_type=\"heading.default\">\n\t\t\t\t\t<p class=\"elementor-heading-title elementor-size-default\">Fundador de Skyrover<\/p>\t\t\t\t<\/div>\n\t\t\t\t<div class=\"elementor-element elementor-element-7cedb77 hostinger-ai-workplace hostinger-index-2 elementor-widget elementor-widget-heading\" data-id=\"7cedb77\" data-element_type=\"widget\" data-e-type=\"widget\" data-widget_type=\"heading.default\">\n\t\t\t\t\t<p class=\"elementor-heading-title elementor-size-default\">Skyrover<\/p>\t\t\t\t<\/div>\n\t\t\t\t<div class=\"elementor-element elementor-element-352dbfc hostinger-ai-date hostinger-index-2 elementor-widget elementor-widget-heading\" data-id=\"352dbfc\" data-element_type=\"widget\" data-e-type=\"widget\" data-widget_type=\"heading.default\">\n\t\t\t\t\t<p class=\"elementor-heading-title elementor-size-default\">2016 - Presente<\/p>\t\t\t\t<\/div>\n\t\t\t\t<div class=\"elementor-element elementor-element-48d99f3 hostinger-ai-description hostinger-index-2 elementor-widget elementor-widget-heading\" data-id=\"48d99f3\" data-element_type=\"widget\" data-e-type=\"widget\" data-widget_type=\"heading.default\">\n\t\t\t\t\t<p class=\"elementor-heading-title elementor-size-default\">Centrado en drones que se utilizan para la extinci\u00f3n de incendios, la agricultura y la entrega de paquetes.<\/p>\t\t\t\t<\/div>\n\t\t\t\t<\/div>\n\t\t\t\t<\/div>\n\t\t\t\t\t<\/div>\n\t\t\t\t<\/div>\n\t\t<div data-particle_enable=\"false\" data-particle-mobile-disabled=\"false\" class=\"elementor-element elementor-element-33ecba2 e-flex e-con-boxed e-con e-parent\" data-id=\"33ecba2\" data-element_type=\"container\" data-e-type=\"container\">\n\t\t\t\t\t<div class=\"e-con-inner\">\n\t\t<div data-particle_enable=\"false\" data-particle-mobile-disabled=\"false\" class=\"elementor-element elementor-element-7bfd3ec e-con-full e-flex e-con e-child\" data-id=\"7bfd3ec\" data-element_type=\"container\" data-e-type=\"container\">\n\t\t\t\t<div class=\"elementor-element elementor-element-3e65cad hostinger-ai-title elementor-widget elementor-widget-heading\" data-id=\"3e65cad\" data-element_type=\"widget\" data-e-type=\"widget\" data-widget_type=\"heading.default\">\n\t\t\t\t\t<h2 class=\"elementor-heading-title elementor-size-default\">Nuestra base<\/h2>\t\t\t\t<\/div>\n\t\t\t\t<div class=\"elementor-element elementor-element-bef5a22 hostinger-ai-description elementor-widget elementor-widget-text-editor\" data-id=\"bef5a22\" data-element_type=\"widget\" data-e-type=\"widget\" data-widget_type=\"text-editor.default\">\n\t\t\t\t\t\t\t\t\tUbicado en el coraz\u00f3n de la innovaci\u00f3n.\t\t\t\t\t\t\t\t<\/div>\n\t\t<div data-particle_enable=\"false\" data-particle-mobile-disabled=\"false\" class=\"elementor-element elementor-element-651ce8d e-grid e-con-full e-con e-child\" data-id=\"651ce8d\" data-element_type=\"container\" data-e-type=\"container\">\n\t\t<div data-particle_enable=\"false\" data-particle-mobile-disabled=\"false\" class=\"elementor-element elementor-element-7677bc6 e-con-full e-flex e-con e-child\" data-id=\"7677bc6\" data-element_type=\"container\" data-e-type=\"container\">\n\t\t\t\t<div class=\"elementor-element elementor-element-83c7a72 hostinger-ai-title hostinger-index-1 hostinger-ai-font-bold elementor-widget elementor-widget-heading\" data-id=\"83c7a72\" data-element_type=\"widget\" data-e-type=\"widget\" data-widget_type=\"heading.default\">\n\t\t\t\t\t<h2 class=\"elementor-heading-title elementor-size-default\">Taller<\/h2>\t\t\t\t<\/div>\n\t\t\t\t<div class=\"elementor-element elementor-element-dc9a6c7 elementor-widget elementor-widget-text-editor\" data-id=\"dc9a6c7\" data-element_type=\"widget\" data-e-type=\"widget\" data-widget_type=\"text-editor.default\">\n\t\t\t\t\t\t\t\t\t<p>697 Hilltop Street, Springfield, Massachusetts, EE. UU.<\/p>\t\t\t\t\t\t\t\t<\/div>\n\t\t\t\t<\/div>\n\t\t<div data-particle_enable=\"false\" data-particle-mobile-disabled=\"false\" class=\"elementor-element elementor-element-4d23da8 e-con-full e-flex e-con e-child\" data-id=\"4d23da8\" data-element_type=\"container\" data-e-type=\"container\">\n\t\t\t\t<div class=\"elementor-element elementor-element-fc5d92b hostinger-ai-title hostinger-index-2 hostinger-ai-font-bold elementor-widget elementor-widget-heading\" data-id=\"fc5d92b\" data-element_type=\"widget\" data-e-type=\"widget\" data-widget_type=\"heading.default\">\n\t\t\t\t\t<h2 class=\"elementor-heading-title elementor-size-default\">Almac\u00e9n<\/h2>\t\t\t\t<\/div>\n\t\t\t\t<div class=\"elementor-element elementor-element-1a60855 elementor-widget elementor-widget-text-editor\" data-id=\"1a60855\" data-element_type=\"widget\" data-e-type=\"widget\" data-widget_type=\"text-editor.default\">\n\t\t\t\t\t\t\t\t\t<p>9:00 a. m. \u2013 6:00 p. m.<\/p>\t\t\t\t\t\t\t\t<\/div>\n\t\t\t\t<\/div>\n\t\t\t\t<\/div>\n\t\t\t\t<div class=\"elementor-element elementor-element-be46c88 elementor-widget elementor-widget-html\" data-id=\"be46c88\" data-element_type=\"widget\" data-e-type=\"widget\" data-widget_type=\"html.default\">\n\t\t\t\t\t<iframe src=\"https:\/\/www.google.com\/maps\/embed?pb=!1m14!1m8!1m3!1d47368.39682225005!2d-72.489385!3d42.09623!3m2!1i1024!2i768!4f13.1!3m3!1m2!1s0x89e6e85bbff73363%3A0x5241d930e1909b8f!2sHilltop%20St%2C%20Springfield%2C%20MA%2001128!5e0!3m2!1sen!2sus!4v1722498156021!5m2!1sen!2sus\" height=\"450\" style=\"width: 100%; min-width: 100%; border:0;\" allowfullscreen=\"\" loading=\"lazy\" referrerpolicy=\"no-referrer-when-downgrade\"><\/iframe>\t\t\t\t<\/div>\n\t\t\t\t<\/div>\n\t\t\t\t\t<\/div>\n\t\t\t\t<\/div>\n\t\t\t\t<\/div>","protected":false},"excerpt":{"rendered":"","protected":false},"author":1,"featured_media":0,"parent":0,"menu_order":0,"comment_status":"closed","ping_status":"closed","template":"","meta":{"_angie_page":false,"footnotes":""},"class_list":["post-8","page","type-page","status-publish","hentry"],"yoast_head":"<!-- This site is optimized with the Yoast SEO Premium plugin v27.0 (Yoast SEO v27.3) - https:\/\/yoast.com\/product\/yoast-seo-premium-wordpress\/ -->\n<title>About - SkyRover Industrial Drones<\/title>\n<meta name=\"robots\" content=\"index, follow, max-snippet:-1, max-image-preview:large, max-video-preview:-1\" \/>\n<link rel=\"canonical\" href=\"https:\/\/sridrone.com\/es\/acerca-de\/\" \/>\n<meta property=\"og:locale\" content=\"es_MX\" \/>\n<meta property=\"og:type\" content=\"article\" \/>\n<meta property=\"og:title\" content=\"About\" \/>\n<meta property=\"og:url\" content=\"https:\/\/sridrone.com\/es\/acerca-de\/\" \/>\n<meta property=\"og:site_name\" content=\"SkyRover Industrial Drones\" \/>\n<meta name=\"twitter:card\" content=\"summary_large_image\" \/>\n<!-- \/ Yoast SEO Premium plugin. -->","yoast_head_json":{"title":"Acerca de - Drones industriales SkyRover","robots":{"index":"index","follow":"follow","max-snippet":"max-snippet:-1","max-image-preview":"max-image-preview:large","max-video-preview":"max-video-preview:-1"},"canonical":"https:\/\/sridrone.com\/es\/acerca-de\/","og_locale":"es_MX","og_type":"article","og_title":"About","og_url":"https:\/\/sridrone.com\/es\/acerca-de\/","og_site_name":"SkyRover Industrial Drones","twitter_card":"summary_large_image","schema":{"@context":"https:\/\/schema.org","@graph":[{"@type":"WebPage","@id":"https:\/\/sridrone.com\/es\/about\/","url":"https:\/\/sridrone.com\/es\/about\/","name":"Acerca de - Drones industriales SkyRover","isPartOf":{"@id":"https:\/\/sridrone.com\/es\/#website"},"datePublished":"2025-11-08T03:53:31+00:00","breadcrumb":{"@id":"https:\/\/sridrone.com\/es\/about\/#breadcrumb"},"inLanguage":"es","potentialAction":[{"@type":"ReadAction","target":["https:\/\/sridrone.com\/es\/about\/"]}]},{"@type":"BreadcrumbList","@id":"https:\/\/sridrone.com\/es\/about\/#breadcrumb","itemListElement":[{"@type":"ListItem","position":1,"name":"\u9996\u9875","item":"https:\/\/sridrone.com\/es\/"},{"@type":"ListItem","position":2,"name":"About"}]},{"@type":"WebSite","@id":"https:\/\/sridrone.com\/es\/#website","url":"https:\/\/sridrone.com\/es\/","name":"SkyRover Industrial Drone","description":"Fabricante profesional de drones para extinci\u00f3n de incendios, drones agr\u00edcolas y drones para reparto de mercanc\u00edas.","publisher":{"@id":"https:\/\/sridrone.com\/es\/#organization"},"potentialAction":[{"@type":"SearchAction","target":{"@type":"EntryPoint","urlTemplate":"https:\/\/sridrone.com\/es\/?s={search_term_string}"},"query-input":{"@type":"PropertyValueSpecification","valueRequired":true,"valueName":"search_term_string"}}],"inLanguage":"es"},{"@type":"Organization","@id":"https:\/\/sridrone.com\/es\/#organization","name":"SkyRover Industrial Drone","url":"https:\/\/sridrone.com\/es\/","logo":{"@type":"ImageObject","inLanguage":"es","@id":"https:\/\/sridrone.com\/es\/#\/schema\/logo\/image\/","url":"https:\/\/sridrone.com\/wp-content\/uploads\/2026\/01\/400x400skyroverlogo.png","contentUrl":"https:\/\/sridrone.com\/wp-content\/uploads\/2026\/01\/400x400skyroverlogo.png","width":400,"height":400,"caption":"SkyRover Industrial Drone"},"image":{"@id":"https:\/\/sridrone.com\/es\/#\/schema\/logo\/image\/"}}]}},"_links":{"self":[{"href":"https:\/\/sridrone.com\/es\/wp-json\/wp\/v2\/pages\/8","targetHints":{"allow":["GET"]}}],"collection":[{"href":"https:\/\/sridrone.com\/es\/wp-json\/wp\/v2\/pages"}],"about":[{"href":"https:\/\/sridrone.com\/es\/wp-json\/wp\/v2\/types\/page"}],"author":[{"embeddable":true,"href":"https:\/\/sridrone.com\/es\/wp-json\/wp\/v2\/users\/1"}],"replies":[{"embeddable":true,"href":"https:\/\/sridrone.com\/es\/wp-json\/wp\/v2\/comments?post=8"}],"version-history":[{"count":0,"href":"https:\/\/sridrone.com\/es\/wp-json\/wp\/v2\/pages\/8\/revisions"}],"wp:attachment":[{"href":"https:\/\/sridrone.com\/es\/wp-json\/wp\/v2\/media?parent=8"}],"curies":[{"name":"wp","href":"https:\/\/api.w.org\/{rel}","templated":true}]}}