{"id":7,"date":"2025-11-08T03:53:29","date_gmt":"2025-11-08T03:53:29","guid":{"rendered":"https:\/\/sandybrown-loris-568228.hostingersite.com\/products\/"},"modified":"2025-11-08T03:53:29","modified_gmt":"2025-11-08T03:53:29","slug":"productos","status":"publish","type":"page","link":"https:\/\/sridrone.com\/es\/products\/","title":{"rendered":"Productos"},"content":{"rendered":"<div data-elementor-type=\"wp-page\" data-elementor-id=\"7\" class=\"elementor elementor-7\" data-elementor-post-type=\"page\">\n\t\t\t\t<div data-particle_enable=\"false\" data-particle-mobile-disabled=\"false\" class=\"elementor-element elementor-element-8ce6fe8 e-flex e-con-boxed e-con e-parent\" data-id=\"8ce6fe8\" data-element_type=\"container\" data-e-type=\"container\">\n\t\t\t\t\t<div class=\"e-con-inner\">\n\t\t\t\t<div class=\"elementor-element elementor-element-bc678af hostinger-ai-title elementor-widget elementor-widget-heading\" data-id=\"bc678af\" data-element_type=\"widget\" data-e-type=\"widget\" data-widget_type=\"heading.default\">\n\t\t\t\t\t<h2 class=\"elementor-heading-title elementor-size-default\">Nuestros drones<\/h2>\t\t\t\t<\/div>\n\t\t\t\t<div class=\"elementor-element elementor-element-c93cf7e hostinger-ai-description elementor-widget elementor-widget-heading\" data-id=\"c93cf7e\" data-element_type=\"widget\" data-e-type=\"widget\" data-widget_type=\"heading.default\">\n\t\t\t\t\t<p class=\"elementor-heading-title elementor-size-default\">Un vistazo a los potentes drones de extinci\u00f3n de incendios, fumigaci\u00f3n y entrega de Skyrover.<\/p>\t\t\t\t<\/div>\n\t\t\t\t\t<\/div>\n\t\t\t\t<\/div>\n\t\t<div data-particle_enable=\"false\" data-particle-mobile-disabled=\"false\" class=\"elementor-element elementor-element-1e6c799 hostinger-ai-about-us-1 e-flex e-con-boxed e-con e-parent\" data-id=\"1e6c799\" data-element_type=\"container\" data-e-type=\"container\">\n\t\t\t\t\t<div class=\"e-con-inner\">\n\t\t<div data-particle_enable=\"false\" data-particle-mobile-disabled=\"false\" class=\"elementor-element elementor-element-06c9ee1 image-row e-con-full e-grid e-con e-child\" data-id=\"06c9ee1\" data-element_type=\"container\" data-e-type=\"container\">\n\t\t\t\t<div class=\"elementor-element elementor-element-13a03ec hostinger-ai-image elementor-widget elementor-widget-image\" data-id=\"13a03ec\" data-element_type=\"widget\" data-e-type=\"widget\" data-widget_type=\"image.default\">\n\t\t\t\t\t\t\t\t\t\t\t\t\t\t\t<img fetchpriority=\"high\" decoding=\"async\" width=\"600\" height=\"400\" src=\"https:\/\/sridrone.com\/wp-content\/uploads\/2026\/01\/3-1-fcc-d0069131.jpg\" class=\"attachment-full size-full wp-image-503\" alt=\"\" srcset=\"https:\/\/sridrone.com\/wp-content\/uploads\/2026\/01\/3-1-fcc-d0069131.jpg 600w, https:\/\/sridrone.com\/wp-content\/uploads\/2026\/01\/3-1-fcc-d0069131-300x200.jpg 300w, https:\/\/sridrone.com\/wp-content\/uploads\/2026\/01\/3-1-fcc-d0069131-18x12.jpg 18w\" sizes=\"(max-width: 600px) 100vw, 600px\" \/>\t\t\t\t\t\t\t\t\t\t\t\t\t\t\t<\/div>\n\t\t\t\t<div class=\"elementor-element elementor-element-717f166 hostinger-ai-image hostinger-index-1 elementor-widget elementor-widget-image\" data-id=\"717f166\" data-element_type=\"widget\" data-e-type=\"widget\" data-widget_type=\"image.default\">\n\t\t\t\t\t\t\t\t\t\t\t\t\t\t\t<img decoding=\"async\" width=\"600\" height=\"400\" src=\"https:\/\/sridrone.com\/wp-content\/uploads\/2026\/01\/4-2-screen-drone-engineer-pointing-complex-diagram-illustrates-components-56de218b.jpg\" class=\"attachment-full size-full wp-image-504\" alt=\"\" srcset=\"https:\/\/sridrone.com\/wp-content\/uploads\/2026\/01\/4-2-screen-drone-engineer-pointing-complex-diagram-illustrates-components-56de218b.jpg 600w, https:\/\/sridrone.com\/wp-content\/uploads\/2026\/01\/4-2-screen-drone-engineer-pointing-complex-diagram-illustrates-components-56de218b-300x200.jpg 300w, https:\/\/sridrone.com\/wp-content\/uploads\/2026\/01\/4-2-screen-drone-engineer-pointing-complex-diagram-illustrates-components-56de218b-18x12.jpg 18w\" sizes=\"(max-width: 600px) 100vw, 600px\" \/>\t\t\t\t\t\t\t\t\t\t\t\t\t\t\t<\/div>\n\t\t\t\t<\/div>\n\t\t<div data-particle_enable=\"false\" data-particle-mobile-disabled=\"false\" class=\"elementor-element elementor-element-145730b image-row e-con-full e-grid e-con e-child\" data-id=\"145730b\" data-element_type=\"container\" data-e-type=\"container\">\n\t\t\t\t<div class=\"elementor-element elementor-element-4a91f72 hostinger-ai-image hostinger-index-2 elementor-widget elementor-widget-image\" data-id=\"4a91f72\" data-element_type=\"widget\" data-e-type=\"widget\" data-widget_type=\"image.default\">\n\t\t\t\t\t\t\t\t\t\t\t\t\t\t\t<img decoding=\"async\" width=\"600\" height=\"400\" src=\"https:\/\/sridrone.com\/wp-content\/uploads\/2026\/01\/4-2-screen-drone-engineer-pointing-complex-diagram-illustrates-components-56de218b.jpg\" class=\"attachment-full size-full wp-image-504\" alt=\"\" srcset=\"https:\/\/sridrone.com\/wp-content\/uploads\/2026\/01\/4-2-screen-drone-engineer-pointing-complex-diagram-illustrates-components-56de218b.jpg 600w, https:\/\/sridrone.com\/wp-content\/uploads\/2026\/01\/4-2-screen-drone-engineer-pointing-complex-diagram-illustrates-components-56de218b-300x200.jpg 300w, https:\/\/sridrone.com\/wp-content\/uploads\/2026\/01\/4-2-screen-drone-engineer-pointing-complex-diagram-illustrates-components-56de218b-18x12.jpg 18w\" sizes=\"(max-width: 600px) 100vw, 600px\" \/>\t\t\t\t\t\t\t\t\t\t\t\t\t\t\t<\/div>\n\t\t\t\t<div class=\"elementor-element elementor-element-bb9a1fc hostinger-ai-image hostinger-index-3 elementor-widget elementor-widget-image\" data-id=\"bb9a1fc\" data-element_type=\"widget\" data-e-type=\"widget\" data-widget_type=\"image.default\">\n\t\t\t\t\t\t\t\t\t\t\t\t\t\t\t<img fetchpriority=\"high\" decoding=\"async\" width=\"600\" height=\"400\" src=\"https:\/\/sridrone.com\/wp-content\/uploads\/2026\/01\/3-1-fcc-d0069131.jpg\" class=\"attachment-full size-full wp-image-503\" alt=\"\" srcset=\"https:\/\/sridrone.com\/wp-content\/uploads\/2026\/01\/3-1-fcc-d0069131.jpg 600w, https:\/\/sridrone.com\/wp-content\/uploads\/2026\/01\/3-1-fcc-d0069131-300x200.jpg 300w, https:\/\/sridrone.com\/wp-content\/uploads\/2026\/01\/3-1-fcc-d0069131-18x12.jpg 18w\" sizes=\"(max-width: 600px) 100vw, 600px\" \/>\t\t\t\t\t\t\t\t\t\t\t\t\t\t\t<\/div>\n\t\t\t\t<\/div>\n\t\t\t\t\t<\/div>\n\t\t\t\t<\/div>\n\t\t<div data-particle_enable=\"false\" data-particle-mobile-disabled=\"false\" class=\"elementor-element elementor-element-ba864a0 e-flex e-con-boxed e-con e-parent\" data-id=\"ba864a0\" data-element_type=\"container\" data-e-type=\"container\">\n\t\t\t\t\t<div class=\"e-con-inner\">\n\t\t<div data-particle_enable=\"false\" data-particle-mobile-disabled=\"false\" class=\"elementor-element elementor-element-d265e54 e-con-full e-flex e-con e-child\" data-id=\"d265e54\" data-element_type=\"container\" data-e-type=\"container\">\n\t\t\t\t<div class=\"elementor-element elementor-element-1e0002e is-style-default hostinger-ai-title elementor-widget elementor-widget-heading\" data-id=\"1e0002e\" data-element_type=\"widget\" data-e-type=\"widget\" data-widget_type=\"heading.default\">\n\t\t\t\t\t<h2 class=\"elementor-heading-title elementor-size-default\">Dron bombero<\/h2>\t\t\t\t<\/div>\n\t\t\t\t<\/div>\n\t\t<div data-particle_enable=\"false\" data-particle-mobile-disabled=\"false\" class=\"elementor-element elementor-element-0d4a178 e-con-full e-grid e-con e-child\" data-id=\"0d4a178\" data-element_type=\"container\" data-e-type=\"container\">\n\t\t<div data-particle_enable=\"false\" data-particle-mobile-disabled=\"false\" class=\"elementor-element elementor-element-cacba3b e-flex e-con-boxed e-con e-child\" data-id=\"cacba3b\" data-element_type=\"container\" data-e-type=\"container\">\n\t\t\t\t\t<div class=\"e-con-inner\">\n\t\t\t\t<div class=\"elementor-element elementor-element-cbcd7a1 hostinger-ai-project-image hostinger-index-10 elementor-widget elementor-widget-image\" data-id=\"cbcd7a1\" data-element_type=\"widget\" data-e-type=\"widget\" data-widget_type=\"image.default\">\n\t\t\t\t\t\t\t\t\t\t\t\t\t\t\t<img decoding=\"async\" src=\"https:\/\/images.unsplash.com\/photo-1555584775-63bdcbc422ff?q=85&#038;w=410&#038;h=335&#038;fit=crop\" title=\"\" alt=\"Un peque\u00f1o dron con protectores de h\u00e9lices est\u00e1 volando frente a un fondo verde y frondoso. El dron tiene cuatro rotores y parece estar en movimiento, con las h\u00e9lices borrosas que indican que est\u00e1 volando.\" loading=\"lazy\" \/>\t\t\t\t\t\t\t\t\t\t\t\t\t\t\t<\/div>\n\t\t\t\t<div class=\"elementor-element elementor-element-3d9ea27 hostinger-ai-project-title hostinger-ai-font-bold elementor-widget elementor-widget-heading\" data-id=\"3d9ea27\" data-element_type=\"widget\" data-e-type=\"widget\" data-widget_type=\"heading.default\">\n\t\t\t\t\t<p class=\"elementor-heading-title elementor-size-default\">Pulverizador agr\u00edcola<\/p>\t\t\t\t<\/div>\n\t\t\t\t<div class=\"elementor-element elementor-element-cdef307 hostinger-ai-project-description elementor-widget elementor-widget-text-editor\" data-id=\"cdef307\" data-element_type=\"widget\" data-e-type=\"widget\" data-widget_type=\"text-editor.default\">\n\t\t\t\t\t\t\t\t\tNuestro dron agr\u00edcola cubre los campos con precisi\u00f3n, potenciando los cultivos y ahorrando agua y tiempo.\t\t\t\t\t\t\t\t<\/div>\n\t\t\t\t\t<\/div>\n\t\t\t\t<\/div>\n\t\t<div data-particle_enable=\"false\" data-particle-mobile-disabled=\"false\" class=\"elementor-element elementor-element-64afe52 e-con-full e-flex e-con e-child\" data-id=\"64afe52\" data-element_type=\"container\" data-e-type=\"container\">\n\t\t\t\t<div class=\"elementor-element elementor-element-f3c4d8b hostinger-ai-project-image hostinger-index-11 elementor-widget elementor-widget-image\" data-id=\"f3c4d8b\" data-element_type=\"widget\" data-e-type=\"widget\" data-widget_type=\"image.default\">\n\t\t\t\t\t\t\t\t\t\t\t\t\t\t\t<img decoding=\"async\" src=\"https:\/\/images.unsplash.com\/photo-1504492201439-8844f3615eb9?q=85&#038;w=625&#038;h=335&#038;fit=crop\" title=\"\" alt=\"Un dron cuadric\u00f3ptero blanco con cuatro rotores descansa sobre una superficie de concreto. Junto al dron hay un control remoto blanco con dos joysticks y un tel\u00e9fono inteligente montado en la parte superior.\" loading=\"lazy\" \/>\t\t\t\t\t\t\t\t\t\t\t\t\t\t\t<\/div>\n\t\t\t\t<div class=\"elementor-element elementor-element-96787e0 hostinger-ai-project-title hostinger-ai-font-bold hostinger-index-1 elementor-widget elementor-widget-heading\" data-id=\"96787e0\" data-element_type=\"widget\" data-e-type=\"widget\" data-widget_type=\"heading.default\">\n\t\t\t\t\t<p class=\"elementor-heading-title elementor-size-default\">Dron de carga<\/p>\t\t\t\t<\/div>\n\t\t\t\t<div class=\"elementor-element elementor-element-9e0fd9f hostinger-ai-project-description hostinger-index-1 elementor-widget elementor-widget-text-editor\" data-id=\"9e0fd9f\" data-element_type=\"widget\" data-e-type=\"widget\" data-widget_type=\"text-editor.default\">\n\t\t\t\t\t\t\t\t\tEste dron entrega r\u00e1pidamente art\u00edculos esenciales en terrenos accidentados, conectando f\u00e1cilmente lugares remotos.\t\t\t\t\t\t\t\t<\/div>\n\t\t\t\t<\/div>\n\t\t\t\t<\/div>\n\t\t<div data-particle_enable=\"false\" data-particle-mobile-disabled=\"false\" class=\"elementor-element elementor-element-42e1e14 e-con-full e-grid e-con e-child\" data-id=\"42e1e14\" data-element_type=\"container\" data-e-type=\"container\">\n\t\t<div data-particle_enable=\"false\" data-particle-mobile-disabled=\"false\" class=\"elementor-element elementor-element-f5dbc72 e-con-full e-flex e-con e-child\" data-id=\"f5dbc72\" data-element_type=\"container\" data-e-type=\"container\">\n\t\t\t\t<div class=\"elementor-element elementor-element-0273ea7 hostinger-ai-project-image hostinger-index-12 elementor-widget elementor-widget-image\" data-id=\"0273ea7\" data-element_type=\"widget\" data-e-type=\"widget\" data-widget_type=\"image.default\">\n\t\t\t\t\t\t\t\t\t\t\t\t\t\t\t<img decoding=\"async\" src=\"https:\/\/images.unsplash.com\/photo-1694575254789-c3c29d254c86?q=85&#038;w=625&#038;h=335&#038;fit=crop\" title=\"\" alt=\"Un dron vuela en interiores cerca de una gran gr\u00faa puente amarilla con un letrero visible que indica 32 t. La estructura del techo cuenta con vigas met\u00e1licas e iluminaci\u00f3n industrial.\" loading=\"lazy\" \/>\t\t\t\t\t\t\t\t\t\t\t\t\t\t\t<\/div>\n\t\t\t\t<div class=\"elementor-element elementor-element-92fe8ec hostinger-ai-project-title hostinger-index-2 hostinger-ai-font-bold elementor-widget elementor-widget-heading\" data-id=\"92fe8ec\" data-element_type=\"widget\" data-e-type=\"widget\" data-widget_type=\"heading.default\">\n\t\t\t\t\t<p class=\"elementor-heading-title elementor-size-default\">Construcciones personalizadas<\/p>\t\t\t\t<\/div>\n\t\t\t\t<div class=\"elementor-element elementor-element-db67b09 hostinger-ai-project-description hostinger-index-2 elementor-widget elementor-widget-text-editor\" data-id=\"db67b09\" data-element_type=\"widget\" data-e-type=\"widget\" data-widget_type=\"text-editor.default\">\n\t\t\t\t\t\t\t\t\tDrones personalizados que satisfacen necesidades industriales espec\u00edficas, dise\u00f1ados para ofrecer fiabilidad y eficiencia.\t\t\t\t\t\t\t\t<\/div>\n\t\t\t\t<\/div>\n\t\t<div data-particle_enable=\"false\" data-particle-mobile-disabled=\"false\" class=\"elementor-element elementor-element-f3b2417 e-con-full e-flex e-con e-child\" data-id=\"f3b2417\" data-element_type=\"container\" data-e-type=\"container\">\n\t\t\t\t<div class=\"elementor-element elementor-element-9fdbc76 hostinger-ai-project-image hostinger-index-13 elementor-widget elementor-widget-image\" data-id=\"9fdbc76\" data-element_type=\"widget\" data-e-type=\"widget\" data-widget_type=\"image.default\">\n\t\t\t\t\t\t\t\t\t\t\t\t\t\t\t<img decoding=\"async\" src=\"https:\/\/images.unsplash.com\/photo-1645696364551-64d774da5e09?q=85&#038;w=410&#038;h=335&#038;fit=crop\" title=\"\" alt=\"Un dron cuadric\u00f3ptero negro con cuatro h\u00e9lices est\u00e1 colocado sobre papel blanco arrugado. El dron cuenta con una c\u00e1mara en la parte delantera y tiene detalles en rojo y plateado en las h\u00e9lices. El fondo es de un blanco suave, lo que crea un entorno limpio y minimalista.\" loading=\"lazy\" \/>\t\t\t\t\t\t\t\t\t\t\t\t\t\t\t<\/div>\n\t\t\t\t<div class=\"elementor-element elementor-element-b6c733b hostinger-ai-project-title hostinger-index-1 hostinger-ai-font-bold hostinger-index-3 elementor-widget elementor-widget-heading\" data-id=\"b6c733b\" data-element_type=\"widget\" data-e-type=\"widget\" data-widget_type=\"heading.default\">\n\t\t\t\t\t<p class=\"elementor-heading-title elementor-size-default\">Dron de carga<\/p>\t\t\t\t<\/div>\n\t\t\t\t<div class=\"elementor-element elementor-element-8dc3794 hostinger-ai-project-description hostinger-index-3 elementor-widget elementor-widget-text-editor\" data-id=\"8dc3794\" data-element_type=\"widget\" data-e-type=\"widget\" data-widget_type=\"text-editor.default\">\n\t\t\t\t\t\t\t\t\tNuestro equipo especializado garantiza el buen funcionamiento de todos los drones mediante un servicio de asistencia y mantenimiento continuo.\t\t\t\t\t\t\t\t<\/div>\n\t\t\t\t<\/div>\n\t\t\t\t<\/div>\n\t\t\t\t\t<\/div>\n\t\t\t\t<\/div>\n\t\t<div data-particle_enable=\"false\" data-particle-mobile-disabled=\"false\" class=\"elementor-element elementor-element-36b762c e-flex e-con-boxed e-con e-parent\" data-id=\"36b762c\" data-element_type=\"container\" data-e-type=\"container\" id=\"hostinger-ai-customer-reviews-2 hostinger-ai-fade-up\" data-settings=\"{&quot;background_background&quot;:&quot;classic&quot;}\">\n\t\t\t\t\t<div class=\"e-con-inner\">\n\t\t<div data-particle_enable=\"false\" data-particle-mobile-disabled=\"false\" class=\"elementor-element elementor-element-384b9be e-grid e-con-full e-con e-child\" data-id=\"384b9be\" data-element_type=\"container\" data-e-type=\"container\">\n\t\t<div data-particle_enable=\"false\" data-particle-mobile-disabled=\"false\" class=\"elementor-element elementor-element-27f457a e-con-full e-flex e-con e-child\" data-id=\"27f457a\" data-element_type=\"container\" data-e-type=\"container\">\n\t\t\t\t<div class=\"elementor-element elementor-element-96fd1f1 hostinger-ai-testimonial-image hostinger-index-2 elementor-widget elementor-widget-image\" data-id=\"96fd1f1\" data-element_type=\"widget\" data-e-type=\"widget\" data-widget_type=\"image.default\">\n\t\t\t\t\t\t\t\t\t\t\t\t\t\t\t<img decoding=\"async\" width=\"600\" height=\"400\" src=\"https:\/\/sridrone.com\/wp-content\/uploads\/2026\/01\/3-2-detailed-tools-drone-set-precision-macro-photograph-specialized-laid-o-d10b8762.jpg\" class=\"attachment-full size-full wp-image-715\" alt=\"\" srcset=\"https:\/\/sridrone.com\/wp-content\/uploads\/2026\/01\/3-2-detailed-tools-drone-set-precision-macro-photograph-specialized-laid-o-d10b8762.jpg 600w, https:\/\/sridrone.com\/wp-content\/uploads\/2026\/01\/3-2-detailed-tools-drone-set-precision-macro-photograph-specialized-laid-o-d10b8762-300x200.jpg 300w, https:\/\/sridrone.com\/wp-content\/uploads\/2026\/01\/3-2-detailed-tools-drone-set-precision-macro-photograph-specialized-laid-o-d10b8762-18x12.jpg 18w\" sizes=\"(max-width: 600px) 100vw, 600px\" \/>\t\t\t\t\t\t\t\t\t\t\t\t\t\t\t<\/div>\n\t\t\t\t<\/div>\n\t\t<div data-particle_enable=\"false\" data-particle-mobile-disabled=\"false\" class=\"elementor-element elementor-element-c47ee61 e-con-full e-flex e-con e-child\" data-id=\"c47ee61\" data-element_type=\"container\" data-e-type=\"container\">\n\t\t<div data-particle_enable=\"false\" data-particle-mobile-disabled=\"false\" class=\"elementor-element elementor-element-839cc74 e-con-full e-flex e-con e-child\" data-id=\"839cc74\" data-element_type=\"container\" data-e-type=\"container\">\n\t\t\t\t<div class=\"elementor-element elementor-element-706a5dd hostinger-ai-subtitle elementor-widget elementor-widget-text-editor\" data-id=\"706a5dd\" data-element_type=\"widget\" data-e-type=\"widget\" data-widget_type=\"text-editor.default\">\n\t\t\t\t\t\t\t\t\tSocio de confianza\t\t\t\t\t\t\t\t<\/div>\n\t\t\t\t<div class=\"elementor-element elementor-element-b45648b hostinger-ai-testimonial-text hostinger-ai-font-bold hostinger-index-2 elementor-widget elementor-widget-text-editor\" data-id=\"b45648b\" data-element_type=\"widget\" data-e-type=\"widget\" data-widget_type=\"text-editor.default\">\n\t\t\t\t\t\t\t\t\tEl dron contra incendios de Skyrover nos ayud\u00f3 a contener los incendios forestales de forma m\u00e1s r\u00e1pida y segura que nunca.\t\t\t\t\t\t\t\t<\/div>\n\t\t\t\t<\/div>\n\t\t\t\t<\/div>\n\t\t\t\t<\/div>\n\t\t\t\t\t<\/div>\n\t\t\t\t<\/div>\n\t\t\t\t<\/div>","protected":false},"excerpt":{"rendered":"","protected":false},"author":1,"featured_media":0,"parent":0,"menu_order":0,"comment_status":"closed","ping_status":"closed","template":"","meta":{"_angie_page":false,"footnotes":""},"class_list":["post-7","page","type-page","status-publish","hentry"],"yoast_head":"<!-- This site is optimized with the Yoast SEO Premium plugin v27.0 (Yoast SEO v27.3) - https:\/\/yoast.com\/product\/yoast-seo-premium-wordpress\/ -->\n<title>Products - SkyRover Industrial Drones<\/title>\n<meta name=\"robots\" content=\"index, follow, max-snippet:-1, max-image-preview:large, max-video-preview:-1\" \/>\n<link rel=\"canonical\" href=\"https:\/\/sridrone.com\/es\/productos\/\" \/>\n<meta property=\"og:locale\" content=\"es_MX\" \/>\n<meta property=\"og:type\" content=\"article\" \/>\n<meta property=\"og:title\" content=\"Products\" \/>\n<meta property=\"og:url\" content=\"https:\/\/sridrone.com\/es\/productos\/\" \/>\n<meta property=\"og:site_name\" content=\"SkyRover Industrial Drones\" \/>\n<meta name=\"twitter:card\" content=\"summary_large_image\" \/>\n<!-- \/ Yoast SEO Premium plugin. -->","yoast_head_json":{"title":"Productos - Drones industriales SkyRover","robots":{"index":"index","follow":"follow","max-snippet":"max-snippet:-1","max-image-preview":"max-image-preview:large","max-video-preview":"max-video-preview:-1"},"canonical":"https:\/\/sridrone.com\/es\/productos\/","og_locale":"es_MX","og_type":"article","og_title":"Products","og_url":"https:\/\/sridrone.com\/es\/productos\/","og_site_name":"SkyRover Industrial Drones","twitter_card":"summary_large_image","schema":{"@context":"https:\/\/schema.org","@graph":[{"@type":"WebPage","@id":"https:\/\/sridrone.com\/products\/","url":"https:\/\/sridrone.com\/products\/","name":"Productos - Drones industriales SkyRover","isPartOf":{"@id":"https:\/\/sridrone.com\/ru\/#website"},"datePublished":"2025-11-08T03:53:29+00:00","breadcrumb":{"@id":"https:\/\/sridrone.com\/products\/#breadcrumb"},"inLanguage":"es","potentialAction":[{"@type":"ReadAction","target":["https:\/\/sridrone.com\/products\/"]}]},{"@type":"BreadcrumbList","@id":"https:\/\/sridrone.com\/products\/#breadcrumb","itemListElement":[{"@type":"ListItem","position":1,"name":"\u9996\u9875","item":"https:\/\/sridrone.com\/"},{"@type":"ListItem","position":2,"name":"Products"}]},{"@type":"WebSite","@id":"https:\/\/sridrone.com\/ru\/#website","url":"https:\/\/sridrone.com\/ru\/","name":"SkyRover Industrial Drone","description":"Fabricante profesional de drones para extinci\u00f3n de incendios, drones agr\u00edcolas y drones para reparto de mercanc\u00edas.","publisher":{"@id":"https:\/\/sridrone.com\/ru\/#organization"},"potentialAction":[{"@type":"SearchAction","target":{"@type":"EntryPoint","urlTemplate":"https:\/\/sridrone.com\/ru\/?s={search_term_string}"},"query-input":{"@type":"PropertyValueSpecification","valueRequired":true,"valueName":"search_term_string"}}],"inLanguage":"es"},{"@type":"Organization","@id":"https:\/\/sridrone.com\/ru\/#organization","name":"SkyRover Industrial Drone","url":"https:\/\/sridrone.com\/ru\/","logo":{"@type":"ImageObject","inLanguage":"es","@id":"https:\/\/sridrone.com\/ru\/#\/schema\/logo\/image\/","url":"https:\/\/sridrone.com\/wp-content\/uploads\/2026\/01\/400x400skyroverlogo.png","contentUrl":"https:\/\/sridrone.com\/wp-content\/uploads\/2026\/01\/400x400skyroverlogo.png","width":400,"height":400,"caption":"SkyRover Industrial Drone"},"image":{"@id":"https:\/\/sridrone.com\/ru\/#\/schema\/logo\/image\/"}}]}},"_links":{"self":[{"href":"https:\/\/sridrone.com\/es\/wp-json\/wp\/v2\/pages\/7","targetHints":{"allow":["GET"]}}],"collection":[{"href":"https:\/\/sridrone.com\/es\/wp-json\/wp\/v2\/pages"}],"about":[{"href":"https:\/\/sridrone.com\/es\/wp-json\/wp\/v2\/types\/page"}],"author":[{"embeddable":true,"href":"https:\/\/sridrone.com\/es\/wp-json\/wp\/v2\/users\/1"}],"replies":[{"embeddable":true,"href":"https:\/\/sridrone.com\/es\/wp-json\/wp\/v2\/comments?post=7"}],"version-history":[{"count":0,"href":"https:\/\/sridrone.com\/es\/wp-json\/wp\/v2\/pages\/7\/revisions"}],"wp:attachment":[{"href":"https:\/\/sridrone.com\/es\/wp-json\/wp\/v2\/media?parent=7"}],"curies":[{"name":"wp","href":"https:\/\/api.w.org\/{rel}","templated":true}]}}