{"id":7,"date":"2025-11-08T03:53:29","date_gmt":"2025-11-08T03:53:29","guid":{"rendered":"https:\/\/sandybrown-loris-568228.hostingersite.com\/products\/"},"modified":"2025-11-08T03:53:29","modified_gmt":"2025-11-08T03:53:29","slug":"produkte","status":"publish","type":"page","link":"https:\/\/sridrone.com\/de\/products\/","title":{"rendered":"Produkte"},"content":{"rendered":"<div data-elementor-type=\"wp-page\" data-elementor-id=\"7\" class=\"elementor elementor-7\" data-elementor-post-type=\"page\">\n\t\t\t\t<div data-particle_enable=\"false\" data-particle-mobile-disabled=\"false\" class=\"elementor-element elementor-element-8ce6fe8 e-flex e-con-boxed e-con e-parent\" data-id=\"8ce6fe8\" data-element_type=\"container\" data-e-type=\"container\">\n\t\t\t\t\t<div class=\"e-con-inner\">\n\t\t\t\t<div class=\"elementor-element elementor-element-bc678af hostinger-ai-title elementor-widget elementor-widget-heading\" data-id=\"bc678af\" data-element_type=\"widget\" data-e-type=\"widget\" data-widget_type=\"heading.default\">\n\t\t\t\t\t<h2 class=\"elementor-heading-title elementor-size-default\">Unsere Drohnen<\/h2>\t\t\t\t<\/div>\n\t\t\t\t<div class=\"elementor-element elementor-element-c93cf7e hostinger-ai-description elementor-widget elementor-widget-heading\" data-id=\"c93cf7e\" data-element_type=\"widget\" data-e-type=\"widget\" data-widget_type=\"heading.default\">\n\t\t\t\t\t<p class=\"elementor-heading-title elementor-size-default\">Ein Einblick in Skyrovers leistungsstarke Drohnen f\u00fcr Brandbek\u00e4mpfung, Spr\u00fchen und Lieferung.<\/p>\t\t\t\t<\/div>\n\t\t\t\t\t<\/div>\n\t\t\t\t<\/div>\n\t\t<div data-particle_enable=\"false\" data-particle-mobile-disabled=\"false\" class=\"elementor-element elementor-element-1e6c799 hostinger-ai-about-us-1 e-flex e-con-boxed e-con e-parent\" data-id=\"1e6c799\" data-element_type=\"container\" data-e-type=\"container\">\n\t\t\t\t\t<div class=\"e-con-inner\">\n\t\t<div data-particle_enable=\"false\" data-particle-mobile-disabled=\"false\" class=\"elementor-element elementor-element-06c9ee1 image-row e-con-full e-grid e-con e-child\" data-id=\"06c9ee1\" data-element_type=\"container\" data-e-type=\"container\">\n\t\t\t\t<div class=\"elementor-element elementor-element-13a03ec hostinger-ai-image elementor-widget elementor-widget-image\" data-id=\"13a03ec\" data-element_type=\"widget\" data-e-type=\"widget\" data-widget_type=\"image.default\">\n\t\t\t\t\t\t\t\t\t\t\t\t\t\t\t<img fetchpriority=\"high\" decoding=\"async\" width=\"600\" height=\"400\" src=\"https:\/\/sridrone.com\/wp-content\/uploads\/2026\/01\/3-1-fcc-d0069131.jpg\" class=\"attachment-full size-full wp-image-503\" alt=\"\" srcset=\"https:\/\/sridrone.com\/wp-content\/uploads\/2026\/01\/3-1-fcc-d0069131.jpg 600w, https:\/\/sridrone.com\/wp-content\/uploads\/2026\/01\/3-1-fcc-d0069131-300x200.jpg 300w, https:\/\/sridrone.com\/wp-content\/uploads\/2026\/01\/3-1-fcc-d0069131-18x12.jpg 18w\" sizes=\"(max-width: 600px) 100vw, 600px\" \/>\t\t\t\t\t\t\t\t\t\t\t\t\t\t\t<\/div>\n\t\t\t\t<div class=\"elementor-element elementor-element-717f166 hostinger-ai-image hostinger-index-1 elementor-widget elementor-widget-image\" data-id=\"717f166\" data-element_type=\"widget\" data-e-type=\"widget\" data-widget_type=\"image.default\">\n\t\t\t\t\t\t\t\t\t\t\t\t\t\t\t<img decoding=\"async\" width=\"600\" height=\"400\" src=\"https:\/\/sridrone.com\/wp-content\/uploads\/2026\/01\/4-2-screen-drone-engineer-pointing-complex-diagram-illustrates-components-56de218b.jpg\" class=\"attachment-full size-full wp-image-504\" alt=\"\" srcset=\"https:\/\/sridrone.com\/wp-content\/uploads\/2026\/01\/4-2-screen-drone-engineer-pointing-complex-diagram-illustrates-components-56de218b.jpg 600w, https:\/\/sridrone.com\/wp-content\/uploads\/2026\/01\/4-2-screen-drone-engineer-pointing-complex-diagram-illustrates-components-56de218b-300x200.jpg 300w, https:\/\/sridrone.com\/wp-content\/uploads\/2026\/01\/4-2-screen-drone-engineer-pointing-complex-diagram-illustrates-components-56de218b-18x12.jpg 18w\" sizes=\"(max-width: 600px) 100vw, 600px\" \/>\t\t\t\t\t\t\t\t\t\t\t\t\t\t\t<\/div>\n\t\t\t\t<\/div>\n\t\t<div data-particle_enable=\"false\" data-particle-mobile-disabled=\"false\" class=\"elementor-element elementor-element-145730b image-row e-con-full e-grid e-con e-child\" data-id=\"145730b\" data-element_type=\"container\" data-e-type=\"container\">\n\t\t\t\t<div class=\"elementor-element elementor-element-4a91f72 hostinger-ai-image hostinger-index-2 elementor-widget elementor-widget-image\" data-id=\"4a91f72\" data-element_type=\"widget\" data-e-type=\"widget\" data-widget_type=\"image.default\">\n\t\t\t\t\t\t\t\t\t\t\t\t\t\t\t<img decoding=\"async\" width=\"600\" height=\"400\" src=\"https:\/\/sridrone.com\/wp-content\/uploads\/2026\/01\/4-2-screen-drone-engineer-pointing-complex-diagram-illustrates-components-56de218b.jpg\" class=\"attachment-full size-full wp-image-504\" alt=\"\" srcset=\"https:\/\/sridrone.com\/wp-content\/uploads\/2026\/01\/4-2-screen-drone-engineer-pointing-complex-diagram-illustrates-components-56de218b.jpg 600w, https:\/\/sridrone.com\/wp-content\/uploads\/2026\/01\/4-2-screen-drone-engineer-pointing-complex-diagram-illustrates-components-56de218b-300x200.jpg 300w, https:\/\/sridrone.com\/wp-content\/uploads\/2026\/01\/4-2-screen-drone-engineer-pointing-complex-diagram-illustrates-components-56de218b-18x12.jpg 18w\" sizes=\"(max-width: 600px) 100vw, 600px\" \/>\t\t\t\t\t\t\t\t\t\t\t\t\t\t\t<\/div>\n\t\t\t\t<div class=\"elementor-element elementor-element-bb9a1fc hostinger-ai-image hostinger-index-3 elementor-widget elementor-widget-image\" data-id=\"bb9a1fc\" data-element_type=\"widget\" data-e-type=\"widget\" data-widget_type=\"image.default\">\n\t\t\t\t\t\t\t\t\t\t\t\t\t\t\t<img fetchpriority=\"high\" decoding=\"async\" width=\"600\" height=\"400\" src=\"https:\/\/sridrone.com\/wp-content\/uploads\/2026\/01\/3-1-fcc-d0069131.jpg\" class=\"attachment-full size-full wp-image-503\" alt=\"\" srcset=\"https:\/\/sridrone.com\/wp-content\/uploads\/2026\/01\/3-1-fcc-d0069131.jpg 600w, https:\/\/sridrone.com\/wp-content\/uploads\/2026\/01\/3-1-fcc-d0069131-300x200.jpg 300w, https:\/\/sridrone.com\/wp-content\/uploads\/2026\/01\/3-1-fcc-d0069131-18x12.jpg 18w\" sizes=\"(max-width: 600px) 100vw, 600px\" \/>\t\t\t\t\t\t\t\t\t\t\t\t\t\t\t<\/div>\n\t\t\t\t<\/div>\n\t\t\t\t\t<\/div>\n\t\t\t\t<\/div>\n\t\t<div data-particle_enable=\"false\" data-particle-mobile-disabled=\"false\" class=\"elementor-element elementor-element-ba864a0 e-flex e-con-boxed e-con e-parent\" data-id=\"ba864a0\" data-element_type=\"container\" data-e-type=\"container\">\n\t\t\t\t\t<div class=\"e-con-inner\">\n\t\t<div data-particle_enable=\"false\" data-particle-mobile-disabled=\"false\" class=\"elementor-element elementor-element-d265e54 e-con-full e-flex e-con e-child\" data-id=\"d265e54\" data-element_type=\"container\" data-e-type=\"container\">\n\t\t\t\t<div class=\"elementor-element elementor-element-1e0002e is-style-default hostinger-ai-title elementor-widget elementor-widget-heading\" data-id=\"1e0002e\" data-element_type=\"widget\" data-e-type=\"widget\" data-widget_type=\"heading.default\">\n\t\t\t\t\t<h2 class=\"elementor-heading-title elementor-size-default\">Feuerwehr-Drohne<\/h2>\t\t\t\t<\/div>\n\t\t\t\t<\/div>\n\t\t<div data-particle_enable=\"false\" data-particle-mobile-disabled=\"false\" class=\"elementor-element elementor-element-0d4a178 e-con-full e-grid e-con e-child\" data-id=\"0d4a178\" data-element_type=\"container\" data-e-type=\"container\">\n\t\t<div data-particle_enable=\"false\" data-particle-mobile-disabled=\"false\" class=\"elementor-element elementor-element-cacba3b e-flex e-con-boxed e-con e-child\" data-id=\"cacba3b\" data-element_type=\"container\" data-e-type=\"container\">\n\t\t\t\t\t<div class=\"e-con-inner\">\n\t\t\t\t<div class=\"elementor-element elementor-element-cbcd7a1 hostinger-ai-project-image hostinger-index-10 elementor-widget elementor-widget-image\" data-id=\"cbcd7a1\" data-element_type=\"widget\" data-e-type=\"widget\" data-widget_type=\"image.default\">\n\t\t\t\t\t\t\t\t\t\t\t\t\t\t\t<img decoding=\"async\" src=\"https:\/\/images.unsplash.com\/photo-1555584775-63bdcbc422ff?q=85&#038;w=410&#038;h=335&#038;fit=crop\" title=\"\" alt=\"Eine kleine Drohne mit Propellerschutz schwebt vor einem \u00fcppig gr\u00fcnen, bl\u00e4ttrigen Hintergrund. Die Drohne verf\u00fcgt \u00fcber vier Rotoren und scheint sich in Bewegung zu befinden, wobei die unscharfen Propeller auf einen Flug hindeuten.\" loading=\"lazy\" \/>\t\t\t\t\t\t\t\t\t\t\t\t\t\t\t<\/div>\n\t\t\t\t<div class=\"elementor-element elementor-element-3d9ea27 hostinger-ai-project-title hostinger-ai-font-bold elementor-widget elementor-widget-heading\" data-id=\"3d9ea27\" data-element_type=\"widget\" data-e-type=\"widget\" data-widget_type=\"heading.default\">\n\t\t\t\t\t<p class=\"elementor-heading-title elementor-size-default\">Landwirtschaftliche Spritze<\/p>\t\t\t\t<\/div>\n\t\t\t\t<div class=\"elementor-element elementor-element-cdef307 hostinger-ai-project-description elementor-widget elementor-widget-text-editor\" data-id=\"cdef307\" data-element_type=\"widget\" data-e-type=\"widget\" data-widget_type=\"text-editor.default\">\n\t\t\t\t\t\t\t\t\tUnsere landwirtschaftliche Drohne bedeckt Felder mit Pr\u00e4zision, f\u00f6rdert den Pflanzenwuchs und spart gleichzeitig Wasser und Zeit.\t\t\t\t\t\t\t\t<\/div>\n\t\t\t\t\t<\/div>\n\t\t\t\t<\/div>\n\t\t<div data-particle_enable=\"false\" data-particle-mobile-disabled=\"false\" class=\"elementor-element elementor-element-64afe52 e-con-full e-flex e-con e-child\" data-id=\"64afe52\" data-element_type=\"container\" data-e-type=\"container\">\n\t\t\t\t<div class=\"elementor-element elementor-element-f3c4d8b hostinger-ai-project-image hostinger-index-11 elementor-widget elementor-widget-image\" data-id=\"f3c4d8b\" data-element_type=\"widget\" data-e-type=\"widget\" data-widget_type=\"image.default\">\n\t\t\t\t\t\t\t\t\t\t\t\t\t\t\t<img decoding=\"async\" src=\"https:\/\/images.unsplash.com\/photo-1504492201439-8844f3615eb9?q=85&#038;w=625&#038;h=335&#038;fit=crop\" title=\"\" alt=\"Eine wei\u00dfe Quadcopter-Drohne mit vier Rotoren steht auf einer Betonfl\u00e4che. Zu der Drohne geh\u00f6rt eine wei\u00dfe Fernbedienung mit zwei Joysticks und einem oben angebrachten Smartphone.\" loading=\"lazy\" \/>\t\t\t\t\t\t\t\t\t\t\t\t\t\t\t<\/div>\n\t\t\t\t<div class=\"elementor-element elementor-element-96787e0 hostinger-ai-project-title hostinger-ai-font-bold hostinger-index-1 elementor-widget elementor-widget-heading\" data-id=\"96787e0\" data-element_type=\"widget\" data-e-type=\"widget\" data-widget_type=\"heading.default\">\n\t\t\t\t\t<p class=\"elementor-heading-title elementor-size-default\">Frachtdrohne<\/p>\t\t\t\t<\/div>\n\t\t\t\t<div class=\"elementor-element elementor-element-9e0fd9f hostinger-ai-project-description hostinger-index-1 elementor-widget elementor-widget-text-editor\" data-id=\"9e0fd9f\" data-element_type=\"widget\" data-e-type=\"widget\" data-widget_type=\"text-editor.default\">\n\t\t\t\t\t\t\t\t\tDiese Drohne liefert wichtige G\u00fcter schnell \u00fcber unwegsames Gel\u00e4nde und verbindet so abgelegene Orte auf einfache Weise miteinander.\t\t\t\t\t\t\t\t<\/div>\n\t\t\t\t<\/div>\n\t\t\t\t<\/div>\n\t\t<div data-particle_enable=\"false\" data-particle-mobile-disabled=\"false\" class=\"elementor-element elementor-element-42e1e14 e-con-full e-grid e-con e-child\" data-id=\"42e1e14\" data-element_type=\"container\" data-e-type=\"container\">\n\t\t<div data-particle_enable=\"false\" data-particle-mobile-disabled=\"false\" class=\"elementor-element elementor-element-f5dbc72 e-con-full e-flex e-con e-child\" data-id=\"f5dbc72\" data-element_type=\"container\" data-e-type=\"container\">\n\t\t\t\t<div class=\"elementor-element elementor-element-0273ea7 hostinger-ai-project-image hostinger-index-12 elementor-widget elementor-widget-image\" data-id=\"0273ea7\" data-element_type=\"widget\" data-e-type=\"widget\" data-widget_type=\"image.default\">\n\t\t\t\t\t\t\t\t\t\t\t\t\t\t\t<img decoding=\"async\" src=\"https:\/\/images.unsplash.com\/photo-1694575254789-c3c29d254c86?q=85&#038;w=625&#038;h=335&#038;fit=crop\" title=\"\" alt=\"Eine Drohne fliegt in einem Innenraum in der N\u00e4he eines gro\u00dfen gelben Br\u00fcckenkrans, an dem ein Schild mit der Aufschrift \u201e32 t\u201c angebracht ist. Die Deckenkonstruktion besteht aus Metalltr\u00e4gern und Industriebeleuchtung.\" loading=\"lazy\" \/>\t\t\t\t\t\t\t\t\t\t\t\t\t\t\t<\/div>\n\t\t\t\t<div class=\"elementor-element elementor-element-92fe8ec hostinger-ai-project-title hostinger-index-2 hostinger-ai-font-bold elementor-widget elementor-widget-heading\" data-id=\"92fe8ec\" data-element_type=\"widget\" data-e-type=\"widget\" data-widget_type=\"heading.default\">\n\t\t\t\t\t<p class=\"elementor-heading-title elementor-size-default\">Sonderanfertigungen<\/p>\t\t\t\t<\/div>\n\t\t\t\t<div class=\"elementor-element elementor-element-db67b09 hostinger-ai-project-description hostinger-index-2 elementor-widget elementor-widget-text-editor\" data-id=\"db67b09\" data-element_type=\"widget\" data-e-type=\"widget\" data-widget_type=\"text-editor.default\">\n\t\t\t\t\t\t\t\t\tMa\u00dfgeschneiderte Drohnen, die spezifische industrielle Anforderungen erf\u00fcllen und auf Zuverl\u00e4ssigkeit und Effizienz ausgelegt sind.\t\t\t\t\t\t\t\t<\/div>\n\t\t\t\t<\/div>\n\t\t<div data-particle_enable=\"false\" data-particle-mobile-disabled=\"false\" class=\"elementor-element elementor-element-f3b2417 e-con-full e-flex e-con e-child\" data-id=\"f3b2417\" data-element_type=\"container\" data-e-type=\"container\">\n\t\t\t\t<div class=\"elementor-element elementor-element-9fdbc76 hostinger-ai-project-image hostinger-index-13 elementor-widget elementor-widget-image\" data-id=\"9fdbc76\" data-element_type=\"widget\" data-e-type=\"widget\" data-widget_type=\"image.default\">\n\t\t\t\t\t\t\t\t\t\t\t\t\t\t\t<img decoding=\"async\" src=\"https:\/\/images.unsplash.com\/photo-1645696364551-64d774da5e09?q=85&#038;w=410&#038;h=335&#038;fit=crop\" title=\"\" alt=\"Eine schwarze Quadcopter-Drohne mit vier Propellern steht auf wei\u00dfem, zerkn\u00fclltem Papier. Die Drohne verf\u00fcgt \u00fcber eine Kamera an der Vorderseite und hat rote und silberne Akzente an den Propellern. Der Hintergrund ist in sanftem Wei\u00df gehalten und schafft so eine klare und minimalistische Kulisse.\" loading=\"lazy\" \/>\t\t\t\t\t\t\t\t\t\t\t\t\t\t\t<\/div>\n\t\t\t\t<div class=\"elementor-element elementor-element-b6c733b hostinger-ai-project-title hostinger-index-1 hostinger-ai-font-bold hostinger-index-3 elementor-widget elementor-widget-heading\" data-id=\"b6c733b\" data-element_type=\"widget\" data-e-type=\"widget\" data-widget_type=\"heading.default\">\n\t\t\t\t\t<p class=\"elementor-heading-title elementor-size-default\">Frachtdrohne<\/p>\t\t\t\t<\/div>\n\t\t\t\t<div class=\"elementor-element elementor-element-8dc3794 hostinger-ai-project-description hostinger-index-3 elementor-widget elementor-widget-text-editor\" data-id=\"8dc3794\" data-element_type=\"widget\" data-e-type=\"widget\" data-widget_type=\"text-editor.default\">\n\t\t\t\t\t\t\t\t\tUnser engagiertes Team sorgt mit kontinuierlichem Support und Wartung daf\u00fcr, dass jede Drohne reibungslos funktioniert.\t\t\t\t\t\t\t\t<\/div>\n\t\t\t\t<\/div>\n\t\t\t\t<\/div>\n\t\t\t\t\t<\/div>\n\t\t\t\t<\/div>\n\t\t<div data-particle_enable=\"false\" data-particle-mobile-disabled=\"false\" class=\"elementor-element elementor-element-36b762c e-flex e-con-boxed e-con e-parent\" data-id=\"36b762c\" data-element_type=\"container\" data-e-type=\"container\" id=\"hostinger-ai-customer-reviews-2 hostinger-ai-fade-up\" data-settings=\"{&quot;background_background&quot;:&quot;classic&quot;}\">\n\t\t\t\t\t<div class=\"e-con-inner\">\n\t\t<div data-particle_enable=\"false\" data-particle-mobile-disabled=\"false\" class=\"elementor-element elementor-element-384b9be e-grid e-con-full e-con e-child\" data-id=\"384b9be\" data-element_type=\"container\" data-e-type=\"container\">\n\t\t<div data-particle_enable=\"false\" data-particle-mobile-disabled=\"false\" class=\"elementor-element elementor-element-27f457a e-con-full e-flex e-con e-child\" data-id=\"27f457a\" data-element_type=\"container\" data-e-type=\"container\">\n\t\t\t\t<div class=\"elementor-element elementor-element-96fd1f1 hostinger-ai-testimonial-image hostinger-index-2 elementor-widget elementor-widget-image\" data-id=\"96fd1f1\" data-element_type=\"widget\" data-e-type=\"widget\" data-widget_type=\"image.default\">\n\t\t\t\t\t\t\t\t\t\t\t\t\t\t\t<img decoding=\"async\" width=\"600\" height=\"400\" src=\"https:\/\/sridrone.com\/wp-content\/uploads\/2026\/01\/3-2-detailed-tools-drone-set-precision-macro-photograph-specialized-laid-o-d10b8762.jpg\" class=\"attachment-full size-full wp-image-715\" alt=\"\" srcset=\"https:\/\/sridrone.com\/wp-content\/uploads\/2026\/01\/3-2-detailed-tools-drone-set-precision-macro-photograph-specialized-laid-o-d10b8762.jpg 600w, https:\/\/sridrone.com\/wp-content\/uploads\/2026\/01\/3-2-detailed-tools-drone-set-precision-macro-photograph-specialized-laid-o-d10b8762-300x200.jpg 300w, https:\/\/sridrone.com\/wp-content\/uploads\/2026\/01\/3-2-detailed-tools-drone-set-precision-macro-photograph-specialized-laid-o-d10b8762-18x12.jpg 18w\" sizes=\"(max-width: 600px) 100vw, 600px\" \/>\t\t\t\t\t\t\t\t\t\t\t\t\t\t\t<\/div>\n\t\t\t\t<\/div>\n\t\t<div data-particle_enable=\"false\" data-particle-mobile-disabled=\"false\" class=\"elementor-element elementor-element-c47ee61 e-con-full e-flex e-con e-child\" data-id=\"c47ee61\" data-element_type=\"container\" data-e-type=\"container\">\n\t\t<div data-particle_enable=\"false\" data-particle-mobile-disabled=\"false\" class=\"elementor-element elementor-element-839cc74 e-con-full e-flex e-con e-child\" data-id=\"839cc74\" data-element_type=\"container\" data-e-type=\"container\">\n\t\t\t\t<div class=\"elementor-element elementor-element-706a5dd hostinger-ai-subtitle elementor-widget elementor-widget-text-editor\" data-id=\"706a5dd\" data-element_type=\"widget\" data-e-type=\"widget\" data-widget_type=\"text-editor.default\">\n\t\t\t\t\t\t\t\t\tVertrauensw\u00fcrdiger Partner\t\t\t\t\t\t\t\t<\/div>\n\t\t\t\t<div class=\"elementor-element elementor-element-b45648b hostinger-ai-testimonial-text hostinger-ai-font-bold hostinger-index-2 elementor-widget elementor-widget-text-editor\" data-id=\"b45648b\" data-element_type=\"widget\" data-e-type=\"widget\" data-widget_type=\"text-editor.default\">\n\t\t\t\t\t\t\t\t\tDie L\u00f6schdrohne von Skyrover half uns dabei, Waldbr\u00e4nde schneller und sicherer als je zuvor einzud\u00e4mmen.\t\t\t\t\t\t\t\t<\/div>\n\t\t\t\t<\/div>\n\t\t\t\t<\/div>\n\t\t\t\t<\/div>\n\t\t\t\t\t<\/div>\n\t\t\t\t<\/div>\n\t\t\t\t<\/div>","protected":false},"excerpt":{"rendered":"","protected":false},"author":1,"featured_media":0,"parent":0,"menu_order":0,"comment_status":"closed","ping_status":"closed","template":"","meta":{"_angie_page":false,"footnotes":""},"class_list":["post-7","page","type-page","status-publish","hentry"],"yoast_head":"<!-- This site is optimized with the Yoast SEO Premium plugin v27.0 (Yoast SEO v27.3) - https:\/\/yoast.com\/product\/yoast-seo-premium-wordpress\/ -->\n<title>Products - SkyRover Industrial Drones<\/title>\n<meta name=\"robots\" content=\"index, follow, max-snippet:-1, max-image-preview:large, max-video-preview:-1\" \/>\n<link rel=\"canonical\" href=\"https:\/\/sridrone.com\/de\/produkte\/\" \/>\n<meta property=\"og:locale\" content=\"de_DE\" \/>\n<meta property=\"og:type\" content=\"article\" \/>\n<meta property=\"og:title\" content=\"Products\" \/>\n<meta property=\"og:url\" content=\"https:\/\/sridrone.com\/de\/produkte\/\" \/>\n<meta property=\"og:site_name\" content=\"SkyRover Industrial Drones\" \/>\n<meta name=\"twitter:card\" content=\"summary_large_image\" \/>\n<!-- \/ Yoast SEO Premium plugin. -->","yoast_head_json":{"title":"Produkte \u2013 SkyRover-Industriedrohnen","robots":{"index":"index","follow":"follow","max-snippet":"max-snippet:-1","max-image-preview":"max-image-preview:large","max-video-preview":"max-video-preview:-1"},"canonical":"https:\/\/sridrone.com\/de\/produkte\/","og_locale":"de_DE","og_type":"article","og_title":"Products","og_url":"https:\/\/sridrone.com\/de\/produkte\/","og_site_name":"SkyRover Industrial Drones","twitter_card":"summary_large_image","schema":{"@context":"https:\/\/schema.org","@graph":[{"@type":"WebPage","@id":"https:\/\/sridrone.com\/products\/","url":"https:\/\/sridrone.com\/products\/","name":"Produkte \u2013 SkyRover-Industriedrohnen","isPartOf":{"@id":"https:\/\/sridrone.com\/ru\/#website"},"datePublished":"2025-11-08T03:53:29+00:00","breadcrumb":{"@id":"https:\/\/sridrone.com\/products\/#breadcrumb"},"inLanguage":"de","potentialAction":[{"@type":"ReadAction","target":["https:\/\/sridrone.com\/products\/"]}]},{"@type":"BreadcrumbList","@id":"https:\/\/sridrone.com\/products\/#breadcrumb","itemListElement":[{"@type":"ListItem","position":1,"name":"\u9996\u9875","item":"https:\/\/sridrone.com\/"},{"@type":"ListItem","position":2,"name":"Products"}]},{"@type":"WebSite","@id":"https:\/\/sridrone.com\/ru\/#website","url":"https:\/\/sridrone.com\/ru\/","name":"SkyRover Industriedrohne","description":"Ein professioneller Hersteller von Feuerl\u00f6schdrohnen, landwirtschaftlichen Drohnen, Frachtlieferungsdrohnen.","publisher":{"@id":"https:\/\/sridrone.com\/ru\/#organization"},"potentialAction":[{"@type":"SearchAction","target":{"@type":"EntryPoint","urlTemplate":"https:\/\/sridrone.com\/ru\/?s={search_term_string}"},"query-input":{"@type":"PropertyValueSpecification","valueRequired":true,"valueName":"search_term_string"}}],"inLanguage":"de"},{"@type":"Organization","@id":"https:\/\/sridrone.com\/ru\/#organization","name":"SkyRover Industriedrohne","url":"https:\/\/sridrone.com\/ru\/","logo":{"@type":"ImageObject","inLanguage":"de","@id":"https:\/\/sridrone.com\/ru\/#\/schema\/logo\/image\/","url":"https:\/\/sridrone.com\/wp-content\/uploads\/2026\/01\/400x400skyroverlogo.png","contentUrl":"https:\/\/sridrone.com\/wp-content\/uploads\/2026\/01\/400x400skyroverlogo.png","width":400,"height":400,"caption":"SkyRover Industrial Drone"},"image":{"@id":"https:\/\/sridrone.com\/ru\/#\/schema\/logo\/image\/"}}]}},"_links":{"self":[{"href":"https:\/\/sridrone.com\/de\/wp-json\/wp\/v2\/pages\/7","targetHints":{"allow":["GET"]}}],"collection":[{"href":"https:\/\/sridrone.com\/de\/wp-json\/wp\/v2\/pages"}],"about":[{"href":"https:\/\/sridrone.com\/de\/wp-json\/wp\/v2\/types\/page"}],"author":[{"embeddable":true,"href":"https:\/\/sridrone.com\/de\/wp-json\/wp\/v2\/users\/1"}],"replies":[{"embeddable":true,"href":"https:\/\/sridrone.com\/de\/wp-json\/wp\/v2\/comments?post=7"}],"version-history":[{"count":0,"href":"https:\/\/sridrone.com\/de\/wp-json\/wp\/v2\/pages\/7\/revisions"}],"wp:attachment":[{"href":"https:\/\/sridrone.com\/de\/wp-json\/wp\/v2\/media?parent=7"}],"curies":[{"name":"wp","href":"https:\/\/api.w.org\/{rel}","templated":true}]}}